{"id":1832,"date":"2022-09-26T11:47:39","date_gmt":"2022-09-26T11:47:39","guid":{"rendered":"https:\/\/konstruktion.vamtam.com\/?page_id=1832"},"modified":"2026-03-11T21:37:58","modified_gmt":"2026-03-11T21:37:58","slug":"blog","status":"publish","type":"page","link":"https:\/\/nalipemi.com\/nl\/blog\/","title":{"rendered":"Blog"},"content":{"rendered":"<div data-elementor-type=\"wp-page\" data-elementor-id=\"1832\" class=\"elementor elementor-1832\" data-elementor-post-type=\"page\">\n\t\t\t\t\t\t<section class=\"elementor-section elementor-top-section elementor-element elementor-element-6a31a80 elementor-section-boxed elementor-section-height-default elementor-section-height-default\" data-id=\"6a31a80\" data-element_type=\"section\">\n\t\t\t\t\t\t<div class=\"elementor-container elementor-column-gap-no\">\n\t\t\t\t\t<div class=\"elementor-column elementor-col-100 elementor-top-column elementor-element elementor-element-e914ed6 elementor-invisible\" data-id=\"e914ed6\" data-element_type=\"column\" data-settings=\"{&quot;animation&quot;:&quot;slideInLeft&quot;}\">\n\t\t\t<div class=\"elementor-widget-wrap elementor-element-populated\">\n\t\t\t\t\t\t<div class=\"elementor-element elementor-element-103d292 elementor-position-right elementor-widget__width-auto elementor-mobile-position-bottom elementor-widget-mobile__width-auto elementor-view-default elementor-widget elementor-widget-icon-box\" data-id=\"103d292\" data-element_type=\"widget\" data-settings=\"{&quot;_animation&quot;:&quot;none&quot;,&quot;_animation_tablet&quot;:&quot;none&quot;}\" data-widget_type=\"icon-box.default\">\n\t\t\t\t<div class=\"elementor-widget-container\">\n\t\t\t\t\t\t\t<div class=\"elementor-icon-box-wrapper\">\n\n\t\t\t\t\t\t<div class=\"elementor-icon-box-icon\">\n\t\t\t\t<span  class=\"elementor-icon\">\n\t\t\t\t<i aria-hidden=\"true\" class=\"vamtamtheme- vamtam-theme-line-titles\"><\/i>\t\t\t\t<\/span>\n\t\t\t<\/div>\n\t\t\t\n\t\t\t\t\t\t<div class=\"elementor-icon-box-content\">\n\n\t\t\t\t\t\t\t\t\t<h1 class=\"elementor-icon-box-title\">\n\t\t\t\t\t\t<span  >\n\t\t\t\t\t\t\tBlog\t\t\t\t\t\t<\/span>\n\t\t\t\t\t<\/h1>\n\t\t\t\t\n\t\t\t\t\n\t\t\t<\/div>\n\t\t\t\n\t\t<\/div>\n\t\t\t\t\t\t<\/div>\n\t\t\t\t<\/div>\n\t\t\t\t<div class=\"elementor-element elementor-element-9e82c2c elementor-invisible elementor-widget elementor-widget-heading\" data-id=\"9e82c2c\" data-element_type=\"widget\" data-settings=\"{&quot;_animation&quot;:&quot;fadeIn&quot;,&quot;_animation_tablet&quot;:&quot;none&quot;,&quot;_animation_delay&quot;:500}\" data-widget_type=\"heading.default\">\n\t\t\t\t<div class=\"elementor-widget-container\">\n\t\t\t\t\t<h2 class=\"elementor-heading-title elementor-size-default\">Nieuws en updates<\/h2>\t\t\t\t<\/div>\n\t\t\t\t<\/div>\n\t\t\t\t<div class=\"elementor-element elementor-element-7ad7e7a elementor-widget elementor-widget-text-editor\" data-id=\"7ad7e7a\" data-element_type=\"widget\" data-widget_type=\"text-editor.default\">\n\t\t\t\t<div class=\"elementor-widget-container\">\n\t\t\t\t\t\t\t\t\t<p>Welkom bij onze ruimte voor nieuws, projecten en beschouwingen over luxueus bouwen. Hier delen we Nalipemi's laatste ontwikkelingen, verkennen we trends in architectuur en bouw en bieden we een gedetailleerde blik op de projecten die ons werk defini\u00ebren.<\/p>\t\t\t\t\t\t\t\t<\/div>\n\t\t\t\t<\/div>\n\t\t\t\t\t<\/div>\n\t\t<\/div>\n\t\t\t\t\t<\/div>\n\t\t<\/section>\n\t\t\t\t<section class=\"elementor-section elementor-top-section elementor-element elementor-element-0a8470e elementor-hidden-mobile elementor-section-boxed elementor-section-height-default elementor-section-height-default\" data-id=\"0a8470e\" data-element_type=\"section\" data-settings=\"{&quot;background_background&quot;:&quot;classic&quot;}\">\n\t\t\t\t\t\t<div class=\"elementor-container elementor-column-gap-no\">\n\t\t\t\t\t<div class=\"elementor-column elementor-col-100 elementor-top-column elementor-element elementor-element-37ae6e4 elementor-invisible\" data-id=\"37ae6e4\" data-element_type=\"column\" data-settings=\"{&quot;animation&quot;:&quot;slideInLeft&quot;}\">\n\t\t\t<div class=\"elementor-widget-wrap elementor-element-populated\">\n\t\t\t\t\t\t<div class=\"vamtam-has-theme-widget-styles elementor-element elementor-element-92b422b elementor-grid-1 elementor-posts--thumbnail-right elementor-grid-tablet-1 elementor-grid-mobile-1 vamtam-has-title-underline-anim elementor-widget elementor-widget-posts\" data-id=\"92b422b\" data-element_type=\"widget\" data-settings=\"{&quot;vamtam_classic_columns&quot;:&quot;1&quot;,&quot;vamtam_classic_row_gap&quot;:{&quot;unit&quot;:&quot;px&quot;,&quot;size&quot;:0,&quot;sizes&quot;:[]},&quot;vamtam_classic_columns_tablet&quot;:&quot;1&quot;,&quot;vamtam_classic_columns_mobile&quot;:&quot;1&quot;,&quot;vamtam_classic_row_gap_tablet&quot;:{&quot;unit&quot;:&quot;px&quot;,&quot;size&quot;:&quot;&quot;,&quot;sizes&quot;:[]},&quot;vamtam_classic_row_gap_mobile&quot;:{&quot;unit&quot;:&quot;px&quot;,&quot;size&quot;:&quot;&quot;,&quot;sizes&quot;:[]}}\" data-widget_type=\"posts.vamtam_classic\">\n\t\t\t\t<div class=\"elementor-widget-container\">\n\t\t\t\t\t\t\t<div class=\"elementor-posts-container elementor-posts elementor-posts--skin-vamtam_classic elementor-grid\" role=\"list\">\n\t\t\t\t<article class=\"elementor-post elementor-grid-item post-989412 post type-post status-publish format-standard has-post-thumbnail hentry category-innovation category-projects tag-awards tag-innovations tag-project\" role=\"listitem\">\n\t\t\t\t<a class=\"elementor-post__thumbnail__link\" href=\"https:\/\/nalipemi.com\/nl\/blog-ejemplo-3\/\" tabindex=\"-1\" >\n\t\t\t<div class=\"elementor-post__thumbnail\"><img fetchpriority=\"high\" decoding=\"async\" width=\"1600\" height=\"813\" src=\"https:\/\/nalipemi.com\/wp-content\/uploads\/2025\/11\/HQ-Mijas-drone-20-scaled-e1762776284476.jpg\" class=\"attachment-full size-full wp-image-47\" alt=\"\" srcset=\"https:\/\/nalipemi.com\/wp-content\/uploads\/2025\/11\/HQ-Mijas-drone-20-scaled-e1762776284476.jpg 1600w, https:\/\/nalipemi.com\/wp-content\/uploads\/2025\/11\/HQ-Mijas-drone-20-scaled-e1762776284476-300x152.jpg 300w, https:\/\/nalipemi.com\/wp-content\/uploads\/2025\/11\/HQ-Mijas-drone-20-scaled-e1762776284476-1024x520.jpg 1024w, https:\/\/nalipemi.com\/wp-content\/uploads\/2025\/11\/HQ-Mijas-drone-20-scaled-e1762776284476-768x390.jpg 768w, https:\/\/nalipemi.com\/wp-content\/uploads\/2025\/11\/HQ-Mijas-drone-20-scaled-e1762776284476-1536x780.jpg 1536w, https:\/\/nalipemi.com\/wp-content\/uploads\/2025\/11\/HQ-Mijas-drone-20-scaled-e1762776284476-2048x1040.jpg 2048w\" sizes=\"(max-width: 1600px) 100vw, 1600px\" \/><\/div>\n\t\t<\/a>\n\t\t\t\t<div class=\"elementor-post__text\">\n\t\t\t\t<h3 class=\"elementor-post__title\">\n\t\t\t<a href=\"https:\/\/nalipemi.com\/nl\/blog-ejemplo-3\/\" >\n\t\t\t\tBLOG VOORBEELD 3\t\t\t<\/a>\n\t\t<\/h3>\n\t\t\t\t<div class=\"elementor-post__excerpt\">\n\t\t\t<p>Lorem ipsum dolor sit amet, consectetur adipiscing elit. Sed do eiusmod tempor incididunt ut labore et dolore magna aliqua. Ut enim ad minim veniam, quis<\/p>\n\t\t<\/div>\n\t\t\t\t<\/div>\n\t\t\t\t<\/article>\n\t\t\t\t<\/div>\n\t\t\n\t\t\t\t\t\t<\/div>\n\t\t\t\t<\/div>\n\t\t\t\t\t<\/div>\n\t\t<\/div>\n\t\t\t\t\t<\/div>\n\t\t<\/section>\n\t\t\t\t<section class=\"elementor-section elementor-top-section elementor-element elementor-element-30198cd elementor-hidden-desktop elementor-hidden-tablet elementor-section-boxed elementor-section-height-default elementor-section-height-default\" data-id=\"30198cd\" data-element_type=\"section\">\n\t\t\t\t\t\t<div class=\"elementor-container elementor-column-gap-no\">\n\t\t\t\t\t<div class=\"elementor-column elementor-col-100 elementor-top-column elementor-element elementor-element-32903ae\" data-id=\"32903ae\" data-element_type=\"column\">\n\t\t\t<div class=\"elementor-widget-wrap elementor-element-populated\">\n\t\t\t\t\t\t<div class=\"vamtam-has-theme-widget-styles elementor-element elementor-element-b4548f6 elementor-grid-1 elementor-grid-tablet-1 elementor-grid-mobile-1 elementor-posts--thumbnail-top vamtam-has-title-underline-anim vamtam-has-read-more-theme-style elementor-widget elementor-widget-posts\" data-id=\"b4548f6\" data-element_type=\"widget\" data-settings=\"{&quot;vamtam_classic_columns&quot;:&quot;1&quot;,&quot;vamtam_classic_row_gap&quot;:{&quot;unit&quot;:&quot;px&quot;,&quot;size&quot;:0,&quot;sizes&quot;:[]},&quot;vamtam_classic_columns_tablet&quot;:&quot;1&quot;,&quot;vamtam_classic_columns_mobile&quot;:&quot;1&quot;,&quot;vamtam_classic_row_gap_tablet&quot;:{&quot;unit&quot;:&quot;px&quot;,&quot;size&quot;:&quot;&quot;,&quot;sizes&quot;:[]},&quot;vamtam_classic_row_gap_mobile&quot;:{&quot;unit&quot;:&quot;px&quot;,&quot;size&quot;:&quot;&quot;,&quot;sizes&quot;:[]}}\" data-widget_type=\"posts.vamtam_classic\">\n\t\t\t\t<div class=\"elementor-widget-container\">\n\t\t\t\t\t\t\t<div class=\"elementor-posts-container elementor-posts elementor-posts--skin-vamtam_classic elementor-grid\" role=\"list\">\n\t\t\t\t<article class=\"elementor-post elementor-grid-item post-989412 post type-post status-publish format-standard has-post-thumbnail hentry category-innovation category-projects tag-awards tag-innovations tag-project\" role=\"listitem\">\n\t\t\t\t<a class=\"elementor-post__thumbnail__link\" href=\"https:\/\/nalipemi.com\/nl\/blog-ejemplo-3\/\" tabindex=\"-1\" >\n\t\t\t<div class=\"elementor-post__thumbnail\"><img fetchpriority=\"high\" decoding=\"async\" width=\"1600\" height=\"813\" src=\"https:\/\/nalipemi.com\/wp-content\/uploads\/2025\/11\/HQ-Mijas-drone-20-scaled-e1762776284476.jpg\" class=\"attachment-full size-full wp-image-47\" alt=\"\" srcset=\"https:\/\/nalipemi.com\/wp-content\/uploads\/2025\/11\/HQ-Mijas-drone-20-scaled-e1762776284476.jpg 1600w, https:\/\/nalipemi.com\/wp-content\/uploads\/2025\/11\/HQ-Mijas-drone-20-scaled-e1762776284476-300x152.jpg 300w, https:\/\/nalipemi.com\/wp-content\/uploads\/2025\/11\/HQ-Mijas-drone-20-scaled-e1762776284476-1024x520.jpg 1024w, https:\/\/nalipemi.com\/wp-content\/uploads\/2025\/11\/HQ-Mijas-drone-20-scaled-e1762776284476-768x390.jpg 768w, https:\/\/nalipemi.com\/wp-content\/uploads\/2025\/11\/HQ-Mijas-drone-20-scaled-e1762776284476-1536x780.jpg 1536w, https:\/\/nalipemi.com\/wp-content\/uploads\/2025\/11\/HQ-Mijas-drone-20-scaled-e1762776284476-2048x1040.jpg 2048w\" sizes=\"(max-width: 1600px) 100vw, 1600px\" \/><\/div>\n\t\t<\/a>\n\t\t\t\t<div class=\"elementor-post__text\">\n\t\t\t\t<h3 class=\"elementor-post__title\">\n\t\t\t<a href=\"https:\/\/nalipemi.com\/nl\/blog-ejemplo-3\/\" >\n\t\t\t\tBLOG VOORBEELD 3\t\t\t<\/a>\n\t\t<\/h3>\n\t\t\t\t<div class=\"elementor-post__excerpt\">\n\t\t\t<p>Lorem ipsum dolor sit amet, consectetur adipiscing elit. Sed do eiusmod tempor incididunt ut labore et dolore magna aliqua. Ut enim ad minim veniam, quis<\/p>\n\t\t<\/div>\n\t\t\t\t<\/div>\n\t\t\t\t<\/article>\n\t\t\t\t<\/div>\n\t\t\n\t\t\t\t\t\t<\/div>\n\t\t\t\t<\/div>\n\t\t\t\t\t<\/div>\n\t\t<\/div>\n\t\t\t\t\t<\/div>\n\t\t<\/section>\n\t\t\t\t<section class=\"elementor-section elementor-top-section elementor-element elementor-element-21cbecd elementor-section-boxed elementor-section-height-default elementor-section-height-default\" data-id=\"21cbecd\" data-element_type=\"section\">\n\t\t\t\t\t\t<div class=\"elementor-container elementor-column-gap-no\">\n\t\t\t\t\t<div class=\"elementor-column elementor-col-100 elementor-top-column elementor-element elementor-element-d64f8a4 elementor-invisible\" data-id=\"d64f8a4\" data-element_type=\"column\" data-settings=\"{&quot;animation&quot;:&quot;slideInLeft&quot;}\">\n\t\t\t<div class=\"elementor-widget-wrap elementor-element-populated\">\n\t\t\t\t\t\t<div class=\"vamtam-has-theme-widget-styles elementor-element elementor-element-197499d elementor-grid-tablet-3 elementor-grid-3 elementor-grid-mobile-1 elementor-posts--thumbnail-top vamtam-has-title-underline-anim vamtam-has-read-more-theme-style load-more-align-center elementor-widget elementor-widget-posts\" data-id=\"197499d\" data-element_type=\"widget\" data-settings=\"{&quot;vamtam_classic_columns_tablet&quot;:&quot;3&quot;,&quot;vamtam_classic_row_gap&quot;:{&quot;unit&quot;:&quot;px&quot;,&quot;size&quot;:80,&quot;sizes&quot;:[]},&quot;vamtam_classic_row_gap_tablet&quot;:{&quot;unit&quot;:&quot;px&quot;,&quot;size&quot;:30,&quot;sizes&quot;:[]},&quot;vamtam_classic_row_gap_mobile&quot;:{&quot;unit&quot;:&quot;px&quot;,&quot;size&quot;:35,&quot;sizes&quot;:[]},&quot;pagination_type&quot;:&quot;load_more_on_click&quot;,&quot;vamtam_classic_columns&quot;:&quot;3&quot;,&quot;vamtam_classic_columns_mobile&quot;:&quot;1&quot;,&quot;load_more_spinner&quot;:{&quot;value&quot;:&quot;fas fa-spinner&quot;,&quot;library&quot;:&quot;fa-solid&quot;}}\" data-widget_type=\"posts.vamtam_classic\">\n\t\t\t\t<div class=\"elementor-widget-container\">\n\t\t\t\t\t\t\t<div class=\"elementor-posts-container elementor-posts elementor-posts--skin-vamtam_classic elementor-grid\" role=\"list\">\n\t\t\t\t<article class=\"elementor-post elementor-grid-item post-989410 post type-post status-publish format-standard has-post-thumbnail hentry category-innovation category-projects tag-awards tag-innovations tag-project\" role=\"listitem\">\n\t\t\t\t<a class=\"elementor-post__thumbnail__link\" href=\"https:\/\/nalipemi.com\/nl\/blog-ejemplo-2\/\" tabindex=\"-1\" >\n\t\t\t<div class=\"elementor-post__thumbnail\"><img fetchpriority=\"high\" decoding=\"async\" width=\"1600\" height=\"813\" src=\"https:\/\/nalipemi.com\/wp-content\/uploads\/2025\/11\/HQ-Mijas-drone-20-scaled-e1762776284476.jpg\" class=\"attachment-full size-full wp-image-47\" alt=\"\" srcset=\"https:\/\/nalipemi.com\/wp-content\/uploads\/2025\/11\/HQ-Mijas-drone-20-scaled-e1762776284476.jpg 1600w, https:\/\/nalipemi.com\/wp-content\/uploads\/2025\/11\/HQ-Mijas-drone-20-scaled-e1762776284476-300x152.jpg 300w, https:\/\/nalipemi.com\/wp-content\/uploads\/2025\/11\/HQ-Mijas-drone-20-scaled-e1762776284476-1024x520.jpg 1024w, https:\/\/nalipemi.com\/wp-content\/uploads\/2025\/11\/HQ-Mijas-drone-20-scaled-e1762776284476-768x390.jpg 768w, https:\/\/nalipemi.com\/wp-content\/uploads\/2025\/11\/HQ-Mijas-drone-20-scaled-e1762776284476-1536x780.jpg 1536w, https:\/\/nalipemi.com\/wp-content\/uploads\/2025\/11\/HQ-Mijas-drone-20-scaled-e1762776284476-2048x1040.jpg 2048w\" sizes=\"(max-width: 1600px) 100vw, 1600px\" \/><\/div>\n\t\t<\/a>\n\t\t\t\t\t<div class=\"elementor-post__meta-data\">\n\t\t\t\t\t\t\t<div class=\"vamtam-post__categories\">\n\t\t\t\t<a href=\"https:\/\/nalipemi.com\/nl\/category\/blog\/innovation\/\" rel=\"category tag\">Innovatie<\/a>, <a href=\"https:\/\/nalipemi.com\/nl\/category\/projects\/\" rel=\"category tag\">Projecten<\/a>\t\t\t<\/div>\n\t\t\t\t\t\t<\/div>\n\t\t\t\t\t<div class=\"elementor-post__text\">\n\t\t\t\t<h3 class=\"elementor-post__title\">\n\t\t\t<a href=\"https:\/\/nalipemi.com\/nl\/blog-ejemplo-2\/\" >\n\t\t\t\tBLOG VOORBEELD 2\t\t\t<\/a>\n\t\t<\/h3>\n\t\t\t\t<\/div>\n\t\t\t\t<\/article>\n\t\t\t\t<article class=\"elementor-post elementor-grid-item post-8079 post type-post status-publish format-standard has-post-thumbnail hentry category-innovation category-projects tag-awards tag-innovations tag-project\" role=\"listitem\">\n\t\t\t\t<a class=\"elementor-post__thumbnail__link\" href=\"https:\/\/nalipemi.com\/nl\/blog-ejemplo\/\" tabindex=\"-1\" >\n\t\t\t<div class=\"elementor-post__thumbnail\"><img fetchpriority=\"high\" decoding=\"async\" width=\"1600\" height=\"813\" src=\"https:\/\/nalipemi.com\/wp-content\/uploads\/2025\/11\/HQ-Mijas-drone-20-scaled-e1762776284476.jpg\" class=\"attachment-full size-full wp-image-47\" alt=\"\" srcset=\"https:\/\/nalipemi.com\/wp-content\/uploads\/2025\/11\/HQ-Mijas-drone-20-scaled-e1762776284476.jpg 1600w, https:\/\/nalipemi.com\/wp-content\/uploads\/2025\/11\/HQ-Mijas-drone-20-scaled-e1762776284476-300x152.jpg 300w, https:\/\/nalipemi.com\/wp-content\/uploads\/2025\/11\/HQ-Mijas-drone-20-scaled-e1762776284476-1024x520.jpg 1024w, https:\/\/nalipemi.com\/wp-content\/uploads\/2025\/11\/HQ-Mijas-drone-20-scaled-e1762776284476-768x390.jpg 768w, https:\/\/nalipemi.com\/wp-content\/uploads\/2025\/11\/HQ-Mijas-drone-20-scaled-e1762776284476-1536x780.jpg 1536w, https:\/\/nalipemi.com\/wp-content\/uploads\/2025\/11\/HQ-Mijas-drone-20-scaled-e1762776284476-2048x1040.jpg 2048w\" sizes=\"(max-width: 1600px) 100vw, 1600px\" \/><\/div>\n\t\t<\/a>\n\t\t\t\t\t<div class=\"elementor-post__meta-data\">\n\t\t\t\t\t\t\t<div class=\"vamtam-post__categories\">\n\t\t\t\t<a href=\"https:\/\/nalipemi.com\/nl\/category\/blog\/innovation\/\" rel=\"category tag\">Innovatie<\/a>, <a href=\"https:\/\/nalipemi.com\/nl\/category\/projects\/\" rel=\"category tag\">Projecten<\/a>\t\t\t<\/div>\n\t\t\t\t\t\t<\/div>\n\t\t\t\t\t<div class=\"elementor-post__text\">\n\t\t\t\t<h3 class=\"elementor-post__title\">\n\t\t\t<a href=\"https:\/\/nalipemi.com\/nl\/blog-ejemplo\/\" >\n\t\t\t\tBLOG VOORBEELD\t\t\t<\/a>\n\t\t<\/h3>\n\t\t\t\t<\/div>\n\t\t\t\t<\/article>\n\t\t\t\t<\/div>\n\t\t\t\t\t<span class=\"e-load-more-spinner\">\n\t\t\t\t<i aria-hidden=\"true\" class=\"fas fa-spinner\"><\/i>\t\t\t<\/span>\n\t\t\n\t\t\t\t\t\t<\/div>\n\t\t\t\t<\/div>\n\t\t\t\t\t<\/div>\n\t\t<\/div>\n\t\t\t\t\t<\/div>\n\t\t<\/section>\n\t\t\t\t<\/div>","protected":false},"excerpt":{"rendered":"<p>Blog Noticias y novedades Bienvenido a nuestro espacio de noticias, proyectos y reflexiones sobre construcci\u00f3n de lujo. Aqu\u00ed compartimos los \u00faltimos avances de Nalipemi, exploramos<\/p>","protected":false},"author":2,"featured_media":0,"parent":0,"menu_order":0,"comment_status":"closed","ping_status":"closed","template":"","meta":{"footnotes":""},"class_list":["post-1832","page","type-page","status-publish","hentry"],"yoast_head":"<!-- This site is optimized with the Yoast SEO Premium plugin v27.1 (Yoast SEO v27.1.1) - https:\/\/yoast.com\/product\/yoast-seo-premium-wordpress\/ -->\n<title>Blog - Nalipemi<\/title>\n<meta name=\"robots\" content=\"index, follow, max-snippet:-1, max-image-preview:large, max-video-preview:-1\" \/>\n<link rel=\"canonical\" href=\"https:\/\/nalipemi.com\/nl\/blog\/\" \/>\n<meta property=\"og:locale\" content=\"nl_BE\" \/>\n<meta property=\"og:type\" content=\"article\" \/>\n<meta property=\"og:title\" content=\"Blog\" \/>\n<meta property=\"og:description\" content=\"Blog Noticias y novedades Bienvenido a nuestro espacio de noticias, proyectos y reflexiones sobre construcci\u00f3n de lujo. Aqu\u00ed compartimos los \u00faltimos avances de Nalipemi, exploramos\" \/>\n<meta property=\"og:url\" content=\"https:\/\/nalipemi.com\/nl\/blog\/\" \/>\n<meta property=\"og:site_name\" content=\"Nalipemi\" \/>\n<meta property=\"article:modified_time\" content=\"2026-03-11T21:37:58+00:00\" \/>\n<meta property=\"og:image\" content=\"https:\/\/nalipemi.com\/wp-content\/uploads\/2026\/01\/Sierra-Blanca-03-1-1024x576.jpg\" \/>\n\t<meta property=\"og:image:width\" content=\"1024\" \/>\n\t<meta property=\"og:image:height\" content=\"576\" \/>\n\t<meta property=\"og:image:type\" content=\"image\/jpeg\" \/>\n<meta name=\"twitter:card\" content=\"summary_large_image\" \/>\n<meta name=\"twitter:label1\" content=\"Geschatte leestijd\" \/>\n\t<meta name=\"twitter:data1\" content=\"2 minuten\" \/>\n<script type=\"application\/ld+json\" class=\"yoast-schema-graph\">{\"@context\":\"https:\/\/schema.org\",\"@graph\":[{\"@type\":\"WebPage\",\"@id\":\"https:\/\/nalipemi.com\/blog\/\",\"url\":\"https:\/\/nalipemi.com\/blog\/\",\"name\":\"Blog - Nalipemi\",\"isPartOf\":{\"@id\":\"https:\/\/nalipemi.com\/#website\"},\"datePublished\":\"2022-09-26T11:47:39+00:00\",\"dateModified\":\"2026-03-11T21:37:58+00:00\",\"breadcrumb\":{\"@id\":\"https:\/\/nalipemi.com\/blog\/#breadcrumb\"},\"inLanguage\":\"nl-BE\",\"potentialAction\":[{\"@type\":\"ReadAction\",\"target\":[\"https:\/\/nalipemi.com\/blog\/\"]}]},{\"@type\":\"BreadcrumbList\",\"@id\":\"https:\/\/nalipemi.com\/blog\/#breadcrumb\",\"itemListElement\":[{\"@type\":\"ListItem\",\"position\":1,\"name\":\"Home\",\"item\":\"https:\/\/nalipemi.com\/\"},{\"@type\":\"ListItem\",\"position\":2,\"name\":\"Blog\"}]},{\"@type\":\"WebSite\",\"@id\":\"https:\/\/nalipemi.com\/#website\",\"url\":\"https:\/\/nalipemi.com\/\",\"name\":\"Nalipemi\",\"description\":\"Empresa de Construcci\u00f3n y Reformas en Marbella\",\"publisher\":{\"@id\":\"https:\/\/nalipemi.com\/#organization\"},\"potentialAction\":[{\"@type\":\"SearchAction\",\"target\":{\"@type\":\"EntryPoint\",\"urlTemplate\":\"https:\/\/nalipemi.com\/?s={search_term_string}\"},\"query-input\":{\"@type\":\"PropertyValueSpecification\",\"valueRequired\":true,\"valueName\":\"search_term_string\"}}],\"inLanguage\":\"nl-BE\"},{\"@type\":\"Organization\",\"@id\":\"https:\/\/nalipemi.com\/#organization\",\"name\":\"Nalipemi | Empresa de Construcci\u00f3n y Reformas en Marbella\",\"alternateName\":\"Nalipemi\",\"url\":\"https:\/\/nalipemi.com\/\",\"logo\":{\"@type\":\"ImageObject\",\"inLanguage\":\"nl-BE\",\"@id\":\"https:\/\/nalipemi.com\/#\/schema\/logo\/image\/\",\"url\":\"https:\/\/nalipemi.com\/wp-content\/uploads\/2026\/02\/1-1.png\",\"contentUrl\":\"https:\/\/nalipemi.com\/wp-content\/uploads\/2026\/02\/1-1.png\",\"width\":1000,\"height\":1000,\"caption\":\"Nalipemi | Empresa de Construcci\u00f3n y Reformas en Marbella\"},\"image\":{\"@id\":\"https:\/\/nalipemi.com\/#\/schema\/logo\/image\/\"}}]}<\/script>\n<!-- \/ Yoast SEO Premium plugin. -->","yoast_head_json":{"title":"Blog - Nalipemi","robots":{"index":"index","follow":"follow","max-snippet":"max-snippet:-1","max-image-preview":"max-image-preview:large","max-video-preview":"max-video-preview:-1"},"canonical":"https:\/\/nalipemi.com\/nl\/blog\/","og_locale":"nl_BE","og_type":"article","og_title":"Blog","og_description":"Blog Noticias y novedades Bienvenido a nuestro espacio de noticias, proyectos y reflexiones sobre construcci\u00f3n de lujo. Aqu\u00ed compartimos los \u00faltimos avances de Nalipemi, exploramos","og_url":"https:\/\/nalipemi.com\/nl\/blog\/","og_site_name":"Nalipemi","article_modified_time":"2026-03-11T21:37:58+00:00","og_image":[{"width":1024,"height":576,"url":"https:\/\/nalipemi.com\/wp-content\/uploads\/2026\/01\/Sierra-Blanca-03-1-1024x576.jpg","type":"image\/jpeg"}],"twitter_card":"summary_large_image","twitter_misc":{"Geschatte leestijd":"2 minuten"},"schema":{"@context":"https:\/\/schema.org","@graph":[{"@type":"WebPage","@id":"https:\/\/nalipemi.com\/blog\/","url":"https:\/\/nalipemi.com\/blog\/","name":"Blog - Nalipemi","isPartOf":{"@id":"https:\/\/nalipemi.com\/#website"},"datePublished":"2022-09-26T11:47:39+00:00","dateModified":"2026-03-11T21:37:58+00:00","breadcrumb":{"@id":"https:\/\/nalipemi.com\/blog\/#breadcrumb"},"inLanguage":"nl-BE","potentialAction":[{"@type":"ReadAction","target":["https:\/\/nalipemi.com\/blog\/"]}]},{"@type":"BreadcrumbList","@id":"https:\/\/nalipemi.com\/blog\/#breadcrumb","itemListElement":[{"@type":"ListItem","position":1,"name":"Home","item":"https:\/\/nalipemi.com\/"},{"@type":"ListItem","position":2,"name":"Blog"}]},{"@type":"WebSite","@id":"https:\/\/nalipemi.com\/#website","url":"https:\/\/nalipemi.com\/","name":"Nalipemi","description":"Bouw- en renovatiebedrijf in Marbella","publisher":{"@id":"https:\/\/nalipemi.com\/#organization"},"potentialAction":[{"@type":"SearchAction","target":{"@type":"EntryPoint","urlTemplate":"https:\/\/nalipemi.com\/?s={search_term_string}"},"query-input":{"@type":"PropertyValueSpecification","valueRequired":true,"valueName":"search_term_string"}}],"inLanguage":"nl-BE"},{"@type":"Organization","@id":"https:\/\/nalipemi.com\/#organization","name":"Nalipemi | Bouw- en hervormingsbedrijf in Marbella","alternateName":"Nalipemi","url":"https:\/\/nalipemi.com\/","logo":{"@type":"ImageObject","inLanguage":"nl-BE","@id":"https:\/\/nalipemi.com\/#\/schema\/logo\/image\/","url":"https:\/\/nalipemi.com\/wp-content\/uploads\/2026\/02\/1-1.png","contentUrl":"https:\/\/nalipemi.com\/wp-content\/uploads\/2026\/02\/1-1.png","width":1000,"height":1000,"caption":"Nalipemi | Empresa de Construcci\u00f3n y Reformas en Marbella"},"image":{"@id":"https:\/\/nalipemi.com\/#\/schema\/logo\/image\/"}}]}},"_links":{"self":[{"href":"https:\/\/nalipemi.com\/nl\/wp-json\/wp\/v2\/pages\/1832","targetHints":{"allow":["GET"]}}],"collection":[{"href":"https:\/\/nalipemi.com\/nl\/wp-json\/wp\/v2\/pages"}],"about":[{"href":"https:\/\/nalipemi.com\/nl\/wp-json\/wp\/v2\/types\/page"}],"author":[{"embeddable":true,"href":"https:\/\/nalipemi.com\/nl\/wp-json\/wp\/v2\/users\/2"}],"replies":[{"embeddable":true,"href":"https:\/\/nalipemi.com\/nl\/wp-json\/wp\/v2\/comments?post=1832"}],"version-history":[{"count":58,"href":"https:\/\/nalipemi.com\/nl\/wp-json\/wp\/v2\/pages\/1832\/revisions"}],"predecessor-version":[{"id":991370,"href":"https:\/\/nalipemi.com\/nl\/wp-json\/wp\/v2\/pages\/1832\/revisions\/991370"}],"wp:attachment":[{"href":"https:\/\/nalipemi.com\/nl\/wp-json\/wp\/v2\/media?parent=1832"}],"curies":[{"name":"wp","href":"https:\/\/api.w.org\/{rel}","templated":true}]}}