{"id":991281,"date":"2026-02-25T17:54:51","date_gmt":"2026-02-25T17:54:51","guid":{"rendered":"https:\/\/nalipemi.com\/descargo-de-responsabilidad\/"},"modified":"2026-02-25T17:54:51","modified_gmt":"2026-02-25T17:54:51","slug":"clause-de-non-responsabilite","status":"publish","type":"page","link":"https:\/\/nalipemi.com\/fr\/descargo-de-responsabilidad\/","title":{"rendered":"Clause de non-responsabilit\u00e9"},"content":{"rendered":"<div class=\"vgblk-rw-wrapper limit-wrapper\">\n<!-- Legal document generated by Complianz | GDPR\/CCPA Cookie Consent https:\/\/wordpress.org\/plugins\/complianz-gdpr -->\n<div id=\"cmplz-document\" class=\"cmplz-document disclaimer cmplz-document-all\"><p>NALIPEMI s'engage \u00e0 maintenir ce site web \u00e0 jour en temps et en heure. Si vous rencontrez un probl\u00e8me ou si vous trouvez des donn\u00e9es obsol\u00e8tes, nous vous serions reconnaissants de nous en informer. Veuillez indiquer l'endroit du site o\u00f9 vous avez trouv\u00e9 l'information erron\u00e9e. Nous l'examinerons dans les plus brefs d\u00e9lais. Veuillez envoyer votre r\u00e9ponse par courrier \u00e9lectronique \u00e0 l'adresse suivante <span class=\"cmplz-obfuscate\">info@<span class=\"cmplz-fmail-domain\">ex.com<\/span>&#110;alip&#101;&#109;i&#046;c&#111;m<\/span>.<\/p><p>Nous ne sommes pas responsables des pertes r\u00e9sultant d'inexactitudes ou d'omissions, ni des pertes r\u00e9sultant de probl\u00e8mes caus\u00e9s par ou li\u00e9s \u00e0 la diffusion d'informations via l'internet, tels que les perturbations ou les interruptions. Lors de l'utilisation de formules bas\u00e9es sur le web, nous nous effor\u00e7ons de limiter au maximum le nombre de champs obligatoires. Pour toute perte r\u00e9sultant de l'utilisation de donn\u00e9es, de conseils ou d'id\u00e9es fournis par ou au nom de NALIPEMI via ce site web, NALIPEMI n'assume aucune responsabilit\u00e9.<\/p><p>Tous les droits de propri\u00e9t\u00e9 intellectuelle sur le contenu de ce site sont la propri\u00e9t\u00e9 de NALIPEMI.<\/p><p>La copie, la diffusion et toute autre utilisation de ces documents sont interdites sans l'autorisation \u00e9crite de NALIPEMI, sauf si et dans la mesure o\u00f9 des r\u00e9glementations obligatoires (telles que le droit de citation) le pr\u00e9voient, sauf indication contraire dans le contenu.<\/p><p>Si vous avez des questions ou des probl\u00e8mes concernant l'accessibilit\u00e9 du site, n'h\u00e9sitez pas \u00e0 nous contacter.<\/p><\/div><\/div>\n<p><!-- .vgblk-rw-wrapper --><\/p>","protected":false},"excerpt":{"rendered":"","protected":false},"author":2,"featured_media":0,"parent":0,"menu_order":0,"comment_status":"closed","ping_status":"closed","template":"","meta":{"footnotes":""},"class_list":["post-991281","page","type-page","status-publish","hentry"],"yoast_head":"<!-- This site is optimized with the Yoast SEO Premium plugin v27.1 (Yoast SEO v27.1.1) - https:\/\/yoast.com\/product\/yoast-seo-premium-wordpress\/ -->\n<title>Descargo de responsabilidad - Nalipemi<\/title>\n<meta name=\"robots\" content=\"index, follow, max-snippet:-1, max-image-preview:large, max-video-preview:-1\" \/>\n<link rel=\"canonical\" href=\"https:\/\/nalipemi.com\/fr\/clause-de-non-responsabilite\/\" \/>\n<meta property=\"og:locale\" content=\"fr_FR\" \/>\n<meta property=\"og:type\" content=\"article\" \/>\n<meta property=\"og:title\" content=\"Descargo de responsabilidad\" \/>\n<meta property=\"og:url\" content=\"https:\/\/nalipemi.com\/fr\/clause-de-non-responsabilite\/\" \/>\n<meta property=\"og:site_name\" content=\"Nalipemi\" \/>\n<meta property=\"og:image\" content=\"https:\/\/nalipemi.com\/wp-content\/uploads\/2026\/01\/Sierra-Blanca-03-1-1024x576.jpg\" \/>\n\t<meta property=\"og:image:width\" content=\"1024\" \/>\n\t<meta property=\"og:image:height\" content=\"576\" \/>\n\t<meta property=\"og:image:type\" content=\"image\/jpeg\" \/>\n<meta name=\"twitter:card\" content=\"summary_large_image\" \/>\n<script type=\"application\/ld+json\" class=\"yoast-schema-graph\">{\"@context\":\"https:\/\/schema.org\",\"@graph\":[{\"@type\":\"WebPage\",\"@id\":\"https:\/\/nalipemi.com\/descargo-de-responsabilidad\/\",\"url\":\"https:\/\/nalipemi.com\/descargo-de-responsabilidad\/\",\"name\":\"Descargo de responsabilidad - Nalipemi\",\"isPartOf\":{\"@id\":\"https:\/\/nalipemi.com\/#website\"},\"datePublished\":\"2026-02-25T17:54:51+00:00\",\"breadcrumb\":{\"@id\":\"https:\/\/nalipemi.com\/descargo-de-responsabilidad\/#breadcrumb\"},\"inLanguage\":\"fr-FR\",\"potentialAction\":[{\"@type\":\"ReadAction\",\"target\":[\"https:\/\/nalipemi.com\/descargo-de-responsabilidad\/\"]}]},{\"@type\":\"BreadcrumbList\",\"@id\":\"https:\/\/nalipemi.com\/descargo-de-responsabilidad\/#breadcrumb\",\"itemListElement\":[{\"@type\":\"ListItem\",\"position\":1,\"name\":\"Home\",\"item\":\"https:\/\/nalipemi.com\/\"},{\"@type\":\"ListItem\",\"position\":2,\"name\":\"Descargo de responsabilidad\"}]},{\"@type\":\"WebSite\",\"@id\":\"https:\/\/nalipemi.com\/#website\",\"url\":\"https:\/\/nalipemi.com\/\",\"name\":\"Nalipemi\",\"description\":\"Empresa de Construcci\u00f3n y Reformas en Marbella\",\"publisher\":{\"@id\":\"https:\/\/nalipemi.com\/#organization\"},\"potentialAction\":[{\"@type\":\"SearchAction\",\"target\":{\"@type\":\"EntryPoint\",\"urlTemplate\":\"https:\/\/nalipemi.com\/?s={search_term_string}\"},\"query-input\":{\"@type\":\"PropertyValueSpecification\",\"valueRequired\":true,\"valueName\":\"search_term_string\"}}],\"inLanguage\":\"fr-FR\"},{\"@type\":\"Organization\",\"@id\":\"https:\/\/nalipemi.com\/#organization\",\"name\":\"Nalipemi | Empresa de Construcci\u00f3n y Reformas en Marbella\",\"alternateName\":\"Nalipemi\",\"url\":\"https:\/\/nalipemi.com\/\",\"logo\":{\"@type\":\"ImageObject\",\"inLanguage\":\"fr-FR\",\"@id\":\"https:\/\/nalipemi.com\/#\/schema\/logo\/image\/\",\"url\":\"https:\/\/nalipemi.com\/wp-content\/uploads\/2026\/02\/1-1.png\",\"contentUrl\":\"https:\/\/nalipemi.com\/wp-content\/uploads\/2026\/02\/1-1.png\",\"width\":1000,\"height\":1000,\"caption\":\"Nalipemi | Empresa de Construcci\u00f3n y Reformas en Marbella\"},\"image\":{\"@id\":\"https:\/\/nalipemi.com\/#\/schema\/logo\/image\/\"}}]}<\/script>\n<!-- \/ Yoast SEO Premium plugin. -->","yoast_head_json":{"title":"Avis de non-responsabilit\u00e9 - Nalipemi","robots":{"index":"index","follow":"follow","max-snippet":"max-snippet:-1","max-image-preview":"max-image-preview:large","max-video-preview":"max-video-preview:-1"},"canonical":"https:\/\/nalipemi.com\/fr\/clause-de-non-responsabilite\/","og_locale":"fr_FR","og_type":"article","og_title":"Descargo de responsabilidad","og_url":"https:\/\/nalipemi.com\/fr\/clause-de-non-responsabilite\/","og_site_name":"Nalipemi","og_image":[{"width":1024,"height":576,"url":"https:\/\/nalipemi.com\/wp-content\/uploads\/2026\/01\/Sierra-Blanca-03-1-1024x576.jpg","type":"image\/jpeg"}],"twitter_card":"summary_large_image","schema":{"@context":"https:\/\/schema.org","@graph":[{"@type":"WebPage","@id":"https:\/\/nalipemi.com\/descargo-de-responsabilidad\/","url":"https:\/\/nalipemi.com\/descargo-de-responsabilidad\/","name":"Avis de non-responsabilit\u00e9 - Nalipemi","isPartOf":{"@id":"https:\/\/nalipemi.com\/#website"},"datePublished":"2026-02-25T17:54:51+00:00","breadcrumb":{"@id":"https:\/\/nalipemi.com\/descargo-de-responsabilidad\/#breadcrumb"},"inLanguage":"fr-FR","potentialAction":[{"@type":"ReadAction","target":["https:\/\/nalipemi.com\/descargo-de-responsabilidad\/"]}]},{"@type":"BreadcrumbList","@id":"https:\/\/nalipemi.com\/descargo-de-responsabilidad\/#breadcrumb","itemListElement":[{"@type":"ListItem","position":1,"name":"Home","item":"https:\/\/nalipemi.com\/"},{"@type":"ListItem","position":2,"name":"Descargo de responsabilidad"}]},{"@type":"WebSite","@id":"https:\/\/nalipemi.com\/#website","url":"https:\/\/nalipemi.com\/","name":"Nalipemi","description":"Entreprise de construction et de r\u00e9novation \u00e0 Marbella","publisher":{"@id":"https:\/\/nalipemi.com\/#organization"},"potentialAction":[{"@type":"SearchAction","target":{"@type":"EntryPoint","urlTemplate":"https:\/\/nalipemi.com\/?s={search_term_string}"},"query-input":{"@type":"PropertyValueSpecification","valueRequired":true,"valueName":"search_term_string"}}],"inLanguage":"fr-FR"},{"@type":"Organization","@id":"https:\/\/nalipemi.com\/#organization","name":"Nalipemi | Entreprise de construction et de r\u00e9forme \u00e0 Marbella","alternateName":"Nalipemi","url":"https:\/\/nalipemi.com\/","logo":{"@type":"ImageObject","inLanguage":"fr-FR","@id":"https:\/\/nalipemi.com\/#\/schema\/logo\/image\/","url":"https:\/\/nalipemi.com\/wp-content\/uploads\/2026\/02\/1-1.png","contentUrl":"https:\/\/nalipemi.com\/wp-content\/uploads\/2026\/02\/1-1.png","width":1000,"height":1000,"caption":"Nalipemi | Empresa de Construcci\u00f3n y Reformas en Marbella"},"image":{"@id":"https:\/\/nalipemi.com\/#\/schema\/logo\/image\/"}}]}},"_links":{"self":[{"href":"https:\/\/nalipemi.com\/fr\/wp-json\/wp\/v2\/pages\/991281","targetHints":{"allow":["GET"]}}],"collection":[{"href":"https:\/\/nalipemi.com\/fr\/wp-json\/wp\/v2\/pages"}],"about":[{"href":"https:\/\/nalipemi.com\/fr\/wp-json\/wp\/v2\/types\/page"}],"author":[{"embeddable":true,"href":"https:\/\/nalipemi.com\/fr\/wp-json\/wp\/v2\/users\/2"}],"replies":[{"embeddable":true,"href":"https:\/\/nalipemi.com\/fr\/wp-json\/wp\/v2\/comments?post=991281"}],"version-history":[{"count":0,"href":"https:\/\/nalipemi.com\/fr\/wp-json\/wp\/v2\/pages\/991281\/revisions"}],"wp:attachment":[{"href":"https:\/\/nalipemi.com\/fr\/wp-json\/wp\/v2\/media?parent=991281"}],"curies":[{"name":"wp","href":"https:\/\/api.w.org\/{rel}","templated":true}]}}