{"id":991280,"date":"2026-02-25T17:54:51","date_gmt":"2026-02-25T17:54:51","guid":{"rendered":"https:\/\/nalipemi.com\/aviso-legal-imprint\/"},"modified":"2026-02-25T17:54:51","modified_gmt":"2026-02-25T17:54:51","slug":"mentions-legales","status":"publish","type":"page","link":"https:\/\/nalipemi.com\/fr\/aviso-legal-imprint\/","title":{"rendered":"Mentions l\u00e9gales \/ Impression"},"content":{"rendered":"<div class=\"vgblk-rw-wrapper limit-wrapper\">\n<!-- Legal document generated by Complianz | GDPR\/CCPA Cookie Consent https:\/\/wordpress.org\/plugins\/complianz-gdpr -->\n<div id=\"cmplz-document\" class=\"cmplz-document impressum cmplz-document-all\"><p><i>Cette imprint a \u00e9t\u00e9 mise \u00e0 jour pour la derni\u00e8re fois le f\u00e9vrier 25, 2026.<\/i><\/p><p class=\"cmplz-subtitle\">Le propri\u00e9taire de ce site web est :<\/p><p>NALIPEMI S.L.U<br>Cortijo Benitez, 360<br \/>\n29100 Coin - Malaga - Espagne<br>Espagne<br>E-mail :&nbsp;<span class=\"cmplz-obfuscate\">info@<span class=\"cmplz-fmail-domain\">ex.com<\/span>n&#097;l&#105;&#112;&#101;m&#105;&#046;co&#109;<\/span><br>Num\u00e9ro de t\u00e9l\u00e9phone : +34 951 177 909<br><\/p><h2>1. g\u00e9n\u00e9ral<\/h2><p>Nous ne sommes ni dispos\u00e9s ni oblig\u00e9s de participer \u00e0 une proc\u00e9dure de r\u00e8glement des litiges devant une commission d'arbitrage des consommateurs.<\/p><\/div><\/div>\n<p><!-- .vgblk-rw-wrapper --><\/p>","protected":false},"excerpt":{"rendered":"","protected":false},"author":2,"featured_media":0,"parent":0,"menu_order":0,"comment_status":"closed","ping_status":"closed","template":"","meta":{"footnotes":""},"class_list":["post-991280","page","type-page","status-publish","hentry"],"yoast_head":"<!-- This site is optimized with the Yoast SEO Premium plugin v27.1 (Yoast SEO v27.1.1) - https:\/\/yoast.com\/product\/yoast-seo-premium-wordpress\/ -->\n<title>Aviso Legal \/ Imprint - Nalipemi<\/title>\n<meta name=\"robots\" content=\"index, follow, max-snippet:-1, max-image-preview:large, max-video-preview:-1\" \/>\n<link rel=\"canonical\" href=\"https:\/\/nalipemi.com\/fr\/mentions-legales\/\" \/>\n<meta property=\"og:locale\" content=\"fr_FR\" \/>\n<meta property=\"og:type\" content=\"article\" \/>\n<meta property=\"og:title\" content=\"Aviso Legal \/ Imprint\" \/>\n<meta property=\"og:url\" content=\"https:\/\/nalipemi.com\/fr\/mentions-legales\/\" \/>\n<meta property=\"og:site_name\" content=\"Nalipemi\" \/>\n<meta property=\"og:image\" content=\"https:\/\/nalipemi.com\/wp-content\/uploads\/2026\/01\/Sierra-Blanca-03-1-1024x576.jpg\" \/>\n\t<meta property=\"og:image:width\" content=\"1024\" \/>\n\t<meta property=\"og:image:height\" content=\"576\" \/>\n\t<meta property=\"og:image:type\" content=\"image\/jpeg\" \/>\n<meta name=\"twitter:card\" content=\"summary_large_image\" \/>\n<script type=\"application\/ld+json\" class=\"yoast-schema-graph\">{\"@context\":\"https:\/\/schema.org\",\"@graph\":[{\"@type\":\"WebPage\",\"@id\":\"https:\/\/nalipemi.com\/aviso-legal-imprint\/\",\"url\":\"https:\/\/nalipemi.com\/aviso-legal-imprint\/\",\"name\":\"Aviso Legal \/ Imprint - Nalipemi\",\"isPartOf\":{\"@id\":\"https:\/\/nalipemi.com\/#website\"},\"datePublished\":\"2026-02-25T17:54:51+00:00\",\"breadcrumb\":{\"@id\":\"https:\/\/nalipemi.com\/aviso-legal-imprint\/#breadcrumb\"},\"inLanguage\":\"fr-FR\",\"potentialAction\":[{\"@type\":\"ReadAction\",\"target\":[\"https:\/\/nalipemi.com\/aviso-legal-imprint\/\"]}]},{\"@type\":\"BreadcrumbList\",\"@id\":\"https:\/\/nalipemi.com\/aviso-legal-imprint\/#breadcrumb\",\"itemListElement\":[{\"@type\":\"ListItem\",\"position\":1,\"name\":\"Home\",\"item\":\"https:\/\/nalipemi.com\/\"},{\"@type\":\"ListItem\",\"position\":2,\"name\":\"Aviso Legal \/ Imprint\"}]},{\"@type\":\"WebSite\",\"@id\":\"https:\/\/nalipemi.com\/#website\",\"url\":\"https:\/\/nalipemi.com\/\",\"name\":\"Nalipemi\",\"description\":\"Empresa de Construcci\u00f3n y Reformas en Marbella\",\"publisher\":{\"@id\":\"https:\/\/nalipemi.com\/#organization\"},\"potentialAction\":[{\"@type\":\"SearchAction\",\"target\":{\"@type\":\"EntryPoint\",\"urlTemplate\":\"https:\/\/nalipemi.com\/?s={search_term_string}\"},\"query-input\":{\"@type\":\"PropertyValueSpecification\",\"valueRequired\":true,\"valueName\":\"search_term_string\"}}],\"inLanguage\":\"fr-FR\"},{\"@type\":\"Organization\",\"@id\":\"https:\/\/nalipemi.com\/#organization\",\"name\":\"Nalipemi | Empresa de Construcci\u00f3n y Reformas en Marbella\",\"alternateName\":\"Nalipemi\",\"url\":\"https:\/\/nalipemi.com\/\",\"logo\":{\"@type\":\"ImageObject\",\"inLanguage\":\"fr-FR\",\"@id\":\"https:\/\/nalipemi.com\/#\/schema\/logo\/image\/\",\"url\":\"https:\/\/nalipemi.com\/wp-content\/uploads\/2026\/02\/1-1.png\",\"contentUrl\":\"https:\/\/nalipemi.com\/wp-content\/uploads\/2026\/02\/1-1.png\",\"width\":1000,\"height\":1000,\"caption\":\"Nalipemi | Empresa de Construcci\u00f3n y Reformas en Marbella\"},\"image\":{\"@id\":\"https:\/\/nalipemi.com\/#\/schema\/logo\/image\/\"}}]}<\/script>\n<!-- \/ Yoast SEO Premium plugin. -->","yoast_head_json":{"title":"Mentions l\u00e9gales - Nalipemi","robots":{"index":"index","follow":"follow","max-snippet":"max-snippet:-1","max-image-preview":"max-image-preview:large","max-video-preview":"max-video-preview:-1"},"canonical":"https:\/\/nalipemi.com\/fr\/mentions-legales\/","og_locale":"fr_FR","og_type":"article","og_title":"Aviso Legal \/ Imprint","og_url":"https:\/\/nalipemi.com\/fr\/mentions-legales\/","og_site_name":"Nalipemi","og_image":[{"width":1024,"height":576,"url":"https:\/\/nalipemi.com\/wp-content\/uploads\/2026\/01\/Sierra-Blanca-03-1-1024x576.jpg","type":"image\/jpeg"}],"twitter_card":"summary_large_image","schema":{"@context":"https:\/\/schema.org","@graph":[{"@type":"WebPage","@id":"https:\/\/nalipemi.com\/aviso-legal-imprint\/","url":"https:\/\/nalipemi.com\/aviso-legal-imprint\/","name":"Mentions l\u00e9gales - Nalipemi","isPartOf":{"@id":"https:\/\/nalipemi.com\/#website"},"datePublished":"2026-02-25T17:54:51+00:00","breadcrumb":{"@id":"https:\/\/nalipemi.com\/aviso-legal-imprint\/#breadcrumb"},"inLanguage":"fr-FR","potentialAction":[{"@type":"ReadAction","target":["https:\/\/nalipemi.com\/aviso-legal-imprint\/"]}]},{"@type":"BreadcrumbList","@id":"https:\/\/nalipemi.com\/aviso-legal-imprint\/#breadcrumb","itemListElement":[{"@type":"ListItem","position":1,"name":"Home","item":"https:\/\/nalipemi.com\/"},{"@type":"ListItem","position":2,"name":"Aviso Legal \/ Imprint"}]},{"@type":"WebSite","@id":"https:\/\/nalipemi.com\/#website","url":"https:\/\/nalipemi.com\/","name":"Nalipemi","description":"Entreprise de construction et de r\u00e9novation \u00e0 Marbella","publisher":{"@id":"https:\/\/nalipemi.com\/#organization"},"potentialAction":[{"@type":"SearchAction","target":{"@type":"EntryPoint","urlTemplate":"https:\/\/nalipemi.com\/?s={search_term_string}"},"query-input":{"@type":"PropertyValueSpecification","valueRequired":true,"valueName":"search_term_string"}}],"inLanguage":"fr-FR"},{"@type":"Organization","@id":"https:\/\/nalipemi.com\/#organization","name":"Nalipemi | Entreprise de construction et de r\u00e9forme \u00e0 Marbella","alternateName":"Nalipemi","url":"https:\/\/nalipemi.com\/","logo":{"@type":"ImageObject","inLanguage":"fr-FR","@id":"https:\/\/nalipemi.com\/#\/schema\/logo\/image\/","url":"https:\/\/nalipemi.com\/wp-content\/uploads\/2026\/02\/1-1.png","contentUrl":"https:\/\/nalipemi.com\/wp-content\/uploads\/2026\/02\/1-1.png","width":1000,"height":1000,"caption":"Nalipemi | Empresa de Construcci\u00f3n y Reformas en Marbella"},"image":{"@id":"https:\/\/nalipemi.com\/#\/schema\/logo\/image\/"}}]}},"_links":{"self":[{"href":"https:\/\/nalipemi.com\/fr\/wp-json\/wp\/v2\/pages\/991280","targetHints":{"allow":["GET"]}}],"collection":[{"href":"https:\/\/nalipemi.com\/fr\/wp-json\/wp\/v2\/pages"}],"about":[{"href":"https:\/\/nalipemi.com\/fr\/wp-json\/wp\/v2\/types\/page"}],"author":[{"embeddable":true,"href":"https:\/\/nalipemi.com\/fr\/wp-json\/wp\/v2\/users\/2"}],"replies":[{"embeddable":true,"href":"https:\/\/nalipemi.com\/fr\/wp-json\/wp\/v2\/comments?post=991280"}],"version-history":[{"count":0,"href":"https:\/\/nalipemi.com\/fr\/wp-json\/wp\/v2\/pages\/991280\/revisions"}],"wp:attachment":[{"href":"https:\/\/nalipemi.com\/fr\/wp-json\/wp\/v2\/media?parent=991280"}],"curies":[{"name":"wp","href":"https:\/\/api.w.org\/{rel}","templated":true}]}}