{"id":991279,"date":"2026-02-25T17:54:50","date_gmt":"2026-02-25T17:54:50","guid":{"rendered":"https:\/\/nalipemi.com\/declaracion-de-privacidad-ue\/"},"modified":"2026-02-25T17:54:50","modified_gmt":"2026-02-25T17:54:50","slug":"declaration-de-confidentialite-de-lue","status":"publish","type":"page","link":"https:\/\/nalipemi.com\/fr\/declaracion-de-privacidad-ue\/","title":{"rendered":"D\u00e9claration de confidentialit\u00e9 (UE)"},"content":{"rendered":"<div class=\"vgblk-rw-wrapper limit-wrapper\">\n<!-- Legal document generated by Complianz | GDPR\/CCPA Cookie Consent https:\/\/wordpress.org\/plugins\/complianz-gdpr -->\n<div id=\"cmplz-document\" class=\"cmplz-document privacy-statement cmplz-document-eu\"><p><i>Cette d\u00e9claration de confidentialit\u00e9 a \u00e9t\u00e9 mise \u00e0 jour le f\u00e9vrier 25, 2026 et s\u2019applique aux citoyens et aux r\u00e9sidents permanents l\u00e9gaux de l\u2019Espace \u00e9conomique europ\u00e9en et de la Suisse.<\/i><br \/><br \/><\/p><p><p>Dans la pr\u00e9sente d\u00e9claration de confidentialit\u00e9, nous expliquons ce que nous faisons des donn\u00e9es que nous recueillons en votre nom par l'interm\u00e9diaire de <a href=\"https:\/\/nalipemi.com\/fr\">https:\/\/nalipemi.com\/fr<\/a>. Nous vous recommandons de lire attentivement cette d\u00e9claration. Lors de notre traitement, nous respectons les exigences de la l\u00e9gislation en mati\u00e8re de confidentialit\u00e9. Cela signifie, entre autres, que :<\/p><ul>\n                <li>Nous indiquons clairement les raisons pour lesquelles nous traitons les donn\u00e9es \u00e0 caract\u00e8re personnel. Nous le faisons par le biais de cette d\u00e9claration de confidentialit\u00e9 ;<\/li>\n                <li>nous nous effor\u00e7ons de limiter notre collecte de donn\u00e9es personnelles aux seules donn\u00e9es personnelles n\u00e9cessaires \u00e0 des fins l\u00e9gitimes ;<\/li>\n                <li>Nous demandons d'abord votre consentement explicite pour traiter vos donn\u00e9es \u00e0 caract\u00e8re personnel lorsque votre consentement est requis ;<\/li>\n                <li>nous prendrons les mesures de s\u00e9curit\u00e9 appropri\u00e9es pour prot\u00e9ger vos donn\u00e9es \u00e0 caract\u00e8re personnel et nous demanderons aux parties qui traitent vos donn\u00e9es \u00e0 caract\u00e8re personnel de faire de m\u00eame pour nous ;<\/li>\n                <li>nous respectons votre droit de consulter, de corriger ou de supprimer vos donn\u00e9es personnelles si vous en faites la demande.<\/li>\n            <\/ul><p>Si vous avez des questions ou si vous souhaitez savoir exactement quelles donn\u00e9es nous d\u00e9tenons, veuillez nous contacter.<\/p><\/p><h2>1. objet, donn\u00e9es et dur\u00e9e de conservation<\/h2>Nous pouvons collecter ou recevoir des informations personnelles pour un certain nombre de raisons li\u00e9es \u00e0 nos activit\u00e9s commerciales, notamment les suivantes : (cliquez pour agrandir)<details class=\"cmplz-dropdown dropdown-privacy-statement\"><summary><div><h3>1.1 Contact - Par t\u00e9l\u00e9phone, courrier, e-mail et\/ou formulaires web<\/h3><\/div><\/summary><p class=\"cmplz-subtitle\">\u00c0 cette fin, nous utilisons les donn\u00e9es suivantes :<\/p><p><ul><li>Un nom et un pr\u00e9nom<\/li><li>Une adresse \u00e9lectronique<\/li><li>Un num\u00e9ro de t\u00e9l\u00e9phone<\/li><\/ul><\/p><p class=\"cmplz-subtitle\">La base sur laquelle nous pouvons traiter ces donn\u00e9es est :<\/p><p><a target=\"_blank\" rel=\"noopener noreferrer nofollow\" href=\"https:\/\/cookiedatabase.org\/legal-bases\/#consent\">Apr\u00e8s avoir donn\u00e9 son consentement.<\/a><\/p><p class=\"cmplz-subtitle\">Dur\u00e9e de la conservation<\/p><p>Nous conservons ces donn\u00e9es jusqu'\u00e0 la fin du service.<\/p><\/details><h2>2. Cookies<\/h2><p>Notre site web utilise des cookies. Pour plus d'informations sur les cookies, veuillez vous r\u00e9f\u00e9rer \u00e0 notre site web. <a href=\"https:\/\/nalipemi.com\/fr\/politica-de-cookies-ue\/\">Politique en mati\u00e8re de cookies<\/a>.&nbsp;<\/p><h2>3. Pratiques de diffusion<\/h2><p><p>Nous divulguons des informations personnelles si nous y sommes tenus par la loi ou par une ordonnance du tribunal, en r\u00e9ponse \u00e0 un organisme d'application de la loi, dans la mesure permise par d'autres dispositions de la loi, pour fournir des informations, ou pour une enqu\u00eate sur une question li\u00e9e \u00e0 la s\u00e9curit\u00e9 publique.<\/p><p>Si notre site web ou notre organisation est r\u00e9imprim\u00e9, vendu ou impliqu\u00e9 dans une fusion ou une acquisition, vos donn\u00e9es peuvent \u00eatre divulgu\u00e9es \u00e0 nos conseillers et \u00e0 tout acheteur potentiel et seront transmises aux nouveaux propri\u00e9taires.<\/p><\/p><h2>4. S\u00e9curit\u00e9<\/h2><p>Nous nous engageons \u00e0 assurer la s\u00e9curit\u00e9 des donn\u00e9es \u00e0 caract\u00e8re personnel. Nous prenons des mesures de s\u00e9curit\u00e9 appropri\u00e9es pour limiter les abus et l'acc\u00e8s non autoris\u00e9 aux donn\u00e9es \u00e0 caract\u00e8re personnel. Cela garantit que seules les personnes n\u00e9cessaires ont acc\u00e8s \u00e0 vos donn\u00e9es, que l'acc\u00e8s aux donn\u00e9es est prot\u00e9g\u00e9 et que nos mesures de s\u00e9curit\u00e9 sont r\u00e9guli\u00e8rement r\u00e9vis\u00e9es.<\/p><h2>5. Sites web tierces parties<\/h2><p>La pr\u00e9sente d\u00e9claration de confidentialit\u00e9 ne s'applique pas aux sites web de tiers reli\u00e9s par des liens sur notre site web. Nous ne pouvons pas garantir que ces tiers collectent vos donn\u00e9es personnelles de mani\u00e8re fiable ou s\u00e9curis\u00e9e. Nous vous recommandons de lire les d\u00e9clarations de confidentialit\u00e9 de ces sites web avant de les utiliser.<\/p><h2>6. Modifications apport\u00e9es \u00e0 la pr\u00e9sente d\u00e9claration de confidentialit\u00e9<\/h2><p>Nous nous r\u00e9servons le droit de modifier la pr\u00e9sente d\u00e9claration de confidentialit\u00e9. Il est recommand\u00e9 de consulter r\u00e9guli\u00e8rement la pr\u00e9sente d\u00e9claration de confidentialit\u00e9 afin de prendre connaissance des modifications qui pourraient y \u00eatre apport\u00e9es. En outre, nous vous informerons activement dans la mesure du possible.<\/p><h2>7. Acc\u00e9der \u00e0 vos donn\u00e9es et les modifier<\/h2><p>Si vous avez des questions ou si vous souhaitez savoir quelles sont les donn\u00e9es personnelles que nous d\u00e9tenons \u00e0 votre sujet, veuillez nous contacter. Vous pouvez nous contacter en utilisant les informations ci-dessous. Vous disposez des droits suivants :<\/p><ul>\n                <li>Vous avez le droit de savoir pourquoi vos donn\u00e9es personnelles sont n\u00e9cessaires, ce qu'il en adviendra et combien de temps elles seront conserv\u00e9es.<\/li>\n                <li>Droit d'acc\u00e8s : vous avez le droit d'acc\u00e9der aux donn\u00e9es \u00e0 caract\u00e8re personnel vous concernant dont nous disposons.<\/li>\n                <li>Droit de rectification : vous avez le droit, \u00e0 tout moment, de compl\u00e9ter, de corriger, de supprimer ou de bloquer vos donn\u00e9es personnelles.<\/li>\n                <li>Si vous nous donnez votre consentement au traitement de vos donn\u00e9es, vous avez le droit de r\u00e9voquer ce consentement et de faire effacer vos donn\u00e9es personnelles.<\/li>\n                <li>Droit de transf\u00e9rer vos donn\u00e9es : vous avez le droit de demander au responsable du traitement de vous communiquer toutes vos donn\u00e9es \u00e0 caract\u00e8re personnel et de les transf\u00e9rer int\u00e9gralement \u00e0 un autre responsable du traitement.<\/li>\n                <li>Droit d'opposition : vous pouvez vous opposer au traitement de vos donn\u00e9es. Nous nous y conformerons, \u00e0 moins que certaines raisons ne justifient pas ce traitement.<\/li>\n            <\/ul><p>Veillez \u00e0 toujours indiquer clairement qui vous \u00eates, afin que nous puissions \u00eatre s\u00fbrs de ne pas modifier ou supprimer les donn\u00e9es de la mauvaise personne.<\/p><h2>8. D\u00e9poser une plainte<\/h2><p>Si vous n'\u00eates pas satisfait de la mani\u00e8re dont nous traitons (une plainte concernant) le traitement de vos donn\u00e9es personnelles, vous avez le droit de d\u00e9poser une plainte aupr\u00e8s de l'autorit\u00e9 charg\u00e9e de la protection des donn\u00e9es.<\/p><h2>9. Coordonn\u00e9es<\/h2><p>NALIPEMI<br \/>\n        Cortijo Benitez, 360<br \/>\n29100 Coin - Malaga - Espagne<br \/>\n        Espagne<br \/>\n        Site web : <a href=\"https:\/\/nalipemi.com\/fr\">https:\/\/nalipemi.com\/fr<\/a> <br \/>\n        E-mail : <span class=\"cmplz-obfuscate\">info@<span class=\"cmplz-fmail-domain\">ex.com<\/span>na&#108;&#105;pe&#109;i.c&#111;&#109;<\/span> <br \/>\n        Num\u00e9ro de t\u00e9l\u00e9phone : +34 951 177 909<\/p><\/div><\/div>\n<p><!-- .vgblk-rw-wrapper --><\/p>","protected":false},"excerpt":{"rendered":"","protected":false},"author":2,"featured_media":0,"parent":0,"menu_order":0,"comment_status":"closed","ping_status":"closed","template":"","meta":{"footnotes":""},"class_list":["post-991279","page","type-page","status-publish","hentry"],"yoast_head":"<!-- This site is optimized with the Yoast SEO Premium plugin v27.1 (Yoast SEO v27.1.1) - https:\/\/yoast.com\/product\/yoast-seo-premium-wordpress\/ -->\n<title>Declaraci\u00f3n de privacidad (UE) - Nalipemi<\/title>\n<meta name=\"robots\" content=\"index, follow, max-snippet:-1, max-image-preview:large, max-video-preview:-1\" \/>\n<link rel=\"canonical\" href=\"https:\/\/nalipemi.com\/fr\/declaration-de-confidentialite-de-lue\/\" \/>\n<meta property=\"og:locale\" content=\"fr_FR\" \/>\n<meta property=\"og:type\" content=\"article\" \/>\n<meta property=\"og:title\" content=\"Declaraci\u00f3n de privacidad (UE)\" \/>\n<meta property=\"og:url\" content=\"https:\/\/nalipemi.com\/fr\/declaration-de-confidentialite-de-lue\/\" \/>\n<meta property=\"og:site_name\" content=\"Nalipemi\" \/>\n<meta property=\"og:image\" content=\"https:\/\/nalipemi.com\/wp-content\/uploads\/2026\/01\/Sierra-Blanca-03-1-1024x576.jpg\" \/>\n\t<meta property=\"og:image:width\" content=\"1024\" \/>\n\t<meta property=\"og:image:height\" content=\"576\" \/>\n\t<meta property=\"og:image:type\" content=\"image\/jpeg\" \/>\n<meta name=\"twitter:card\" content=\"summary_large_image\" \/>\n<script type=\"application\/ld+json\" class=\"yoast-schema-graph\">{\"@context\":\"https:\/\/schema.org\",\"@graph\":[{\"@type\":\"WebPage\",\"@id\":\"https:\/\/nalipemi.com\/declaracion-de-privacidad-ue\/\",\"url\":\"https:\/\/nalipemi.com\/declaracion-de-privacidad-ue\/\",\"name\":\"Declaraci\u00f3n de privacidad (UE) - Nalipemi\",\"isPartOf\":{\"@id\":\"https:\/\/nalipemi.com\/#website\"},\"datePublished\":\"2026-02-25T17:54:50+00:00\",\"breadcrumb\":{\"@id\":\"https:\/\/nalipemi.com\/declaracion-de-privacidad-ue\/#breadcrumb\"},\"inLanguage\":\"fr-FR\",\"potentialAction\":[{\"@type\":\"ReadAction\",\"target\":[\"https:\/\/nalipemi.com\/declaracion-de-privacidad-ue\/\"]}]},{\"@type\":\"BreadcrumbList\",\"@id\":\"https:\/\/nalipemi.com\/declaracion-de-privacidad-ue\/#breadcrumb\",\"itemListElement\":[{\"@type\":\"ListItem\",\"position\":1,\"name\":\"Home\",\"item\":\"https:\/\/nalipemi.com\/\"},{\"@type\":\"ListItem\",\"position\":2,\"name\":\"Declaraci\u00f3n de privacidad (UE)\"}]},{\"@type\":\"WebSite\",\"@id\":\"https:\/\/nalipemi.com\/#website\",\"url\":\"https:\/\/nalipemi.com\/\",\"name\":\"Nalipemi\",\"description\":\"Empresa de Construcci\u00f3n y Reformas en Marbella\",\"publisher\":{\"@id\":\"https:\/\/nalipemi.com\/#organization\"},\"potentialAction\":[{\"@type\":\"SearchAction\",\"target\":{\"@type\":\"EntryPoint\",\"urlTemplate\":\"https:\/\/nalipemi.com\/?s={search_term_string}\"},\"query-input\":{\"@type\":\"PropertyValueSpecification\",\"valueRequired\":true,\"valueName\":\"search_term_string\"}}],\"inLanguage\":\"fr-FR\"},{\"@type\":\"Organization\",\"@id\":\"https:\/\/nalipemi.com\/#organization\",\"name\":\"Nalipemi | Empresa de Construcci\u00f3n y Reformas en Marbella\",\"alternateName\":\"Nalipemi\",\"url\":\"https:\/\/nalipemi.com\/\",\"logo\":{\"@type\":\"ImageObject\",\"inLanguage\":\"fr-FR\",\"@id\":\"https:\/\/nalipemi.com\/#\/schema\/logo\/image\/\",\"url\":\"https:\/\/nalipemi.com\/wp-content\/uploads\/2026\/02\/1-1.png\",\"contentUrl\":\"https:\/\/nalipemi.com\/wp-content\/uploads\/2026\/02\/1-1.png\",\"width\":1000,\"height\":1000,\"caption\":\"Nalipemi | Empresa de Construcci\u00f3n y Reformas en Marbella\"},\"image\":{\"@id\":\"https:\/\/nalipemi.com\/#\/schema\/logo\/image\/\"}}]}<\/script>\n<!-- \/ Yoast SEO Premium plugin. -->","yoast_head_json":{"title":"D\u00e9claration de confidentialit\u00e9 (UE) - Nalipemi","robots":{"index":"index","follow":"follow","max-snippet":"max-snippet:-1","max-image-preview":"max-image-preview:large","max-video-preview":"max-video-preview:-1"},"canonical":"https:\/\/nalipemi.com\/fr\/declaration-de-confidentialite-de-lue\/","og_locale":"fr_FR","og_type":"article","og_title":"Declaraci\u00f3n de privacidad (UE)","og_url":"https:\/\/nalipemi.com\/fr\/declaration-de-confidentialite-de-lue\/","og_site_name":"Nalipemi","og_image":[{"width":1024,"height":576,"url":"https:\/\/nalipemi.com\/wp-content\/uploads\/2026\/01\/Sierra-Blanca-03-1-1024x576.jpg","type":"image\/jpeg"}],"twitter_card":"summary_large_image","schema":{"@context":"https:\/\/schema.org","@graph":[{"@type":"WebPage","@id":"https:\/\/nalipemi.com\/declaracion-de-privacidad-ue\/","url":"https:\/\/nalipemi.com\/declaracion-de-privacidad-ue\/","name":"D\u00e9claration de confidentialit\u00e9 (UE) - Nalipemi","isPartOf":{"@id":"https:\/\/nalipemi.com\/#website"},"datePublished":"2026-02-25T17:54:50+00:00","breadcrumb":{"@id":"https:\/\/nalipemi.com\/declaracion-de-privacidad-ue\/#breadcrumb"},"inLanguage":"fr-FR","potentialAction":[{"@type":"ReadAction","target":["https:\/\/nalipemi.com\/declaracion-de-privacidad-ue\/"]}]},{"@type":"BreadcrumbList","@id":"https:\/\/nalipemi.com\/declaracion-de-privacidad-ue\/#breadcrumb","itemListElement":[{"@type":"ListItem","position":1,"name":"Home","item":"https:\/\/nalipemi.com\/"},{"@type":"ListItem","position":2,"name":"Declaraci\u00f3n de privacidad (UE)"}]},{"@type":"WebSite","@id":"https:\/\/nalipemi.com\/#website","url":"https:\/\/nalipemi.com\/","name":"Nalipemi","description":"Entreprise de construction et de r\u00e9novation \u00e0 Marbella","publisher":{"@id":"https:\/\/nalipemi.com\/#organization"},"potentialAction":[{"@type":"SearchAction","target":{"@type":"EntryPoint","urlTemplate":"https:\/\/nalipemi.com\/?s={search_term_string}"},"query-input":{"@type":"PropertyValueSpecification","valueRequired":true,"valueName":"search_term_string"}}],"inLanguage":"fr-FR"},{"@type":"Organization","@id":"https:\/\/nalipemi.com\/#organization","name":"Nalipemi | Entreprise de construction et de r\u00e9forme \u00e0 Marbella","alternateName":"Nalipemi","url":"https:\/\/nalipemi.com\/","logo":{"@type":"ImageObject","inLanguage":"fr-FR","@id":"https:\/\/nalipemi.com\/#\/schema\/logo\/image\/","url":"https:\/\/nalipemi.com\/wp-content\/uploads\/2026\/02\/1-1.png","contentUrl":"https:\/\/nalipemi.com\/wp-content\/uploads\/2026\/02\/1-1.png","width":1000,"height":1000,"caption":"Nalipemi | Empresa de Construcci\u00f3n y Reformas en Marbella"},"image":{"@id":"https:\/\/nalipemi.com\/#\/schema\/logo\/image\/"}}]}},"_links":{"self":[{"href":"https:\/\/nalipemi.com\/fr\/wp-json\/wp\/v2\/pages\/991279","targetHints":{"allow":["GET"]}}],"collection":[{"href":"https:\/\/nalipemi.com\/fr\/wp-json\/wp\/v2\/pages"}],"about":[{"href":"https:\/\/nalipemi.com\/fr\/wp-json\/wp\/v2\/types\/page"}],"author":[{"embeddable":true,"href":"https:\/\/nalipemi.com\/fr\/wp-json\/wp\/v2\/users\/2"}],"replies":[{"embeddable":true,"href":"https:\/\/nalipemi.com\/fr\/wp-json\/wp\/v2\/comments?post=991279"}],"version-history":[{"count":0,"href":"https:\/\/nalipemi.com\/fr\/wp-json\/wp\/v2\/pages\/991279\/revisions"}],"wp:attachment":[{"href":"https:\/\/nalipemi.com\/fr\/wp-json\/wp\/v2\/media?parent=991279"}],"curies":[{"name":"wp","href":"https:\/\/api.w.org\/{rel}","templated":true}]}}