{"id":1807,"date":"2022-09-26T10:26:20","date_gmt":"2022-09-26T10:26:20","guid":{"rendered":"https:\/\/konstruktion.vamtam.com\/?page_id=1807"},"modified":"2026-03-11T21:38:24","modified_gmt":"2026-03-11T21:38:24","slug":"contact","status":"publish","type":"page","link":"https:\/\/nalipemi.com\/fr\/contacto\/","title":{"rendered":"Contact"},"content":{"rendered":"\t\t<div data-elementor-type=\"wp-page\" data-elementor-id=\"1807\" class=\"elementor elementor-1807\" data-elementor-post-type=\"page\">\n\t\t\t\t<div class=\"elementor-element elementor-element-059635d e-flex e-con-boxed e-con e-parent\" data-id=\"059635d\" data-element_type=\"container\" data-settings=\"{&quot;background_background&quot;:&quot;classic&quot;}\">\n\t\t\t\t\t<div class=\"e-con-inner\">\n\t\t<div class=\"elementor-element elementor-element-0a11f87 e-con-full animated-slow e-flex elementor-invisible e-con e-child\" data-id=\"0a11f87\" data-element_type=\"container\" data-settings=\"{&quot;animation&quot;:&quot;fadeInLeft&quot;}\">\n\t\t\t\t<div class=\"elementor-element elementor-element-a688735 elementor-position-right elementor-widget__width-auto elementor-mobile-position-bottom elementor-widget-mobile__width-auto elementor-view-default elementor-widget elementor-widget-icon-box\" data-id=\"a688735\" data-element_type=\"widget\" data-settings=\"{&quot;_animation_tablet&quot;:&quot;none&quot;}\" data-widget_type=\"icon-box.default\">\n\t\t\t\t<div class=\"elementor-widget-container\">\n\t\t\t\t\t\t\t<div class=\"elementor-icon-box-wrapper\">\n\n\t\t\t\t\t\t<div class=\"elementor-icon-box-icon\">\n\t\t\t\t<span  class=\"elementor-icon\">\n\t\t\t\t<i aria-hidden=\"true\" class=\"vamtamtheme- vamtam-theme-line-titles\"><\/i>\t\t\t\t<\/span>\n\t\t\t<\/div>\n\t\t\t\n\t\t\t\t\t\t<div class=\"elementor-icon-box-content\">\n\n\t\t\t\t\t\t\t\t\t<h1 class=\"elementor-icon-box-title\">\n\t\t\t\t\t\t<span  >\n\t\t\t\t\t\t\tContacto\t\t\t\t\t\t<\/span>\n\t\t\t\t\t<\/h1>\n\t\t\t\t\n\t\t\t\t\n\t\t\t<\/div>\n\t\t\t\n\t\t<\/div>\n\t\t\t\t\t\t<\/div>\n\t\t\t\t<\/div>\n\t\t\t\t<div class=\"elementor-element elementor-element-c2aaf0d elementor-invisible elementor-widget elementor-widget-heading\" data-id=\"c2aaf0d\" data-element_type=\"widget\" data-settings=\"{&quot;_animation&quot;:&quot;fadeIn&quot;,&quot;_animation_tablet&quot;:&quot;none&quot;,&quot;_animation_delay&quot;:500}\" data-widget_type=\"heading.default\">\n\t\t\t\t<div class=\"elementor-widget-container\">\n\t\t\t\t\t<h3 class=\"elementor-heading-title elementor-size-default\">\u00bfListo para empezar su proyecto?<\/h3>\t\t\t\t<\/div>\n\t\t\t\t<\/div>\n\t\t<div class=\"elementor-element elementor-element-1c5310f e-con-full e-flex e-con e-child\" data-id=\"1c5310f\" data-element_type=\"container\" data-settings=\"{&quot;background_background&quot;:&quot;classic&quot;}\">\n\t\t\t\t<div class=\"elementor-element elementor-element-f5a7f45 elementor-absolute elementor-widget elementor-widget-image\" data-id=\"f5a7f45\" data-element_type=\"widget\" data-settings=\"{&quot;_position&quot;:&quot;absolute&quot;}\" data-widget_type=\"image.default\">\n\t\t\t\t<div class=\"elementor-widget-container\">\n\t\t\t\t\t\t\t\t\t\t\t\t\t\t\t<img decoding=\"async\" src=\"https:\/\/nalipemi.com\/wp-content\/uploads\/2022\/10\/lines-bg-shape-1.svg\" title=\"\" alt=\"\" loading=\"lazy\" \/>\t\t\t\t\t\t\t\t\t\t\t\t\t\t\t<\/div>\n\t\t\t\t<\/div>\n\t\t<div class=\"elementor-element elementor-element-9cae2ce e-con-full e-flex e-con e-child\" data-id=\"9cae2ce\" data-element_type=\"container\">\n\t\t\t\t<div class=\"elementor-element elementor-element-97d929f elementor-position-left elementor-mobile-position-left elementor-view-default elementor-widget elementor-widget-icon-box\" data-id=\"97d929f\" data-element_type=\"widget\" data-widget_type=\"icon-box.default\">\n\t\t\t\t<div class=\"elementor-widget-container\">\n\t\t\t\t\t\t\t<div class=\"elementor-icon-box-wrapper\">\n\n\t\t\t\t\t\t<div class=\"elementor-icon-box-icon\">\n\t\t\t\t<a href=\"tel:0034951177909\" class=\"elementor-icon\" tabindex=\"-1\" aria-label=\"+34 951 17 79 09\">\n\t\t\t\t<i aria-hidden=\"true\" class=\"vamtamtheme- vamtam-theme-phone\"><\/i>\t\t\t\t<\/a>\n\t\t\t<\/div>\n\t\t\t\n\t\t\t\t\t\t<div class=\"elementor-icon-box-content\">\n\n\t\t\t\t\t\t\t\t\t<div class=\"elementor-icon-box-title\">\n\t\t\t\t\t\t<a href=\"tel:0034951177909\" >\n\t\t\t\t\t\t\t+34 951 17 79 09\t\t\t\t\t\t<\/a>\n\t\t\t\t\t<\/div>\n\t\t\t\t\n\t\t\t\t\n\t\t\t<\/div>\n\t\t\t\n\t\t<\/div>\n\t\t\t\t\t\t<\/div>\n\t\t\t\t<\/div>\n\t\t\t\t<div class=\"elementor-element elementor-element-489cbe8 elementor-position-left elementor-mobile-position-left elementor-view-default elementor-widget elementor-widget-icon-box\" data-id=\"489cbe8\" data-element_type=\"widget\" data-widget_type=\"icon-box.default\">\n\t\t\t\t<div class=\"elementor-widget-container\">\n\t\t\t\t\t\t\t<div class=\"elementor-icon-box-wrapper\">\n\n\t\t\t\t\t\t<div class=\"elementor-icon-box-icon\">\n\t\t\t\t<a href=\"mailto:info@nalipemi.com\" class=\"elementor-icon\" tabindex=\"-1\" aria-label=\"info@nalipemi.com\">\n\t\t\t\t<i aria-hidden=\"true\" class=\"fab fa-wpforms\"><\/i>\t\t\t\t<\/a>\n\t\t\t<\/div>\n\t\t\t\n\t\t\t\t\t\t<div class=\"elementor-icon-box-content\">\n\n\t\t\t\t\t\t\t\t\t<div class=\"elementor-icon-box-title\">\n\t\t\t\t\t\t<a href=\"mailto:info@nalipemi.com\" >\n\t\t\t\t\t\t\tinfo@nalipemi.com\t\t\t\t\t\t<\/a>\n\t\t\t\t\t<\/div>\n\t\t\t\t\n\t\t\t\t\n\t\t\t<\/div>\n\t\t\t\n\t\t<\/div>\n\t\t\t\t\t\t<\/div>\n\t\t\t\t<\/div>\n\t\t\t\t<div class=\"elementor-element elementor-element-f1b9e65 elementor-position-left elementor-mobile-position-left elementor-view-default elementor-widget elementor-widget-icon-box\" data-id=\"f1b9e65\" data-element_type=\"widget\" data-widget_type=\"icon-box.default\">\n\t\t\t\t<div class=\"elementor-widget-container\">\n\t\t\t\t\t\t\t<div class=\"elementor-icon-box-wrapper\">\n\n\t\t\t\t\t\t<div class=\"elementor-icon-box-icon\">\n\t\t\t\t<span  class=\"elementor-icon\">\n\t\t\t\t<i aria-hidden=\"true\" class=\"far fa-clock\"><\/i>\t\t\t\t<\/span>\n\t\t\t<\/div>\n\t\t\t\n\t\t\t\t\t\t<div class=\"elementor-icon-box-content\">\n\n\t\t\t\t\t\t\t\t\t<div class=\"elementor-icon-box-title\">\n\t\t\t\t\t\t<span  >\n\t\t\t\t\t\t\tLunes a Viernes: 09:00-18:00\t\t\t\t\t\t<\/span>\n\t\t\t\t\t<\/div>\n\t\t\t\t\n\t\t\t\t\n\t\t\t<\/div>\n\t\t\t\n\t\t<\/div>\n\t\t\t\t\t\t<\/div>\n\t\t\t\t<\/div>\n\t\t\t\t<div class=\"elementor-element elementor-element-320b451 elementor-position-left elementor-mobile-position-left elementor-view-default elementor-widget elementor-widget-icon-box\" data-id=\"320b451\" data-element_type=\"widget\" data-widget_type=\"icon-box.default\">\n\t\t\t\t<div class=\"elementor-widget-container\">\n\t\t\t\t\t\t\t<div class=\"elementor-icon-box-wrapper\">\n\n\t\t\t\t\t\t<div class=\"elementor-icon-box-icon\">\n\t\t\t\t<span  class=\"elementor-icon\">\n\t\t\t\t<i aria-hidden=\"true\" class=\"fas fa-map-pin\"><\/i>\t\t\t\t<\/span>\n\t\t\t<\/div>\n\t\t\t\n\t\t\t\t\t\t<div class=\"elementor-icon-box-content\">\n\n\t\t\t\t\t\t\t\t\t<div class=\"elementor-icon-box-title\">\n\t\t\t\t\t\t<span  >\n\t\t\t\t\t\t\tBlvd. Alfonso de Hohenlohe s\/n,  <br>Marbella Club Hotel, <br> 29602, Marbella (M\u00e1laga)\t\t\t\t\t\t<\/span>\n\t\t\t\t\t<\/div>\n\t\t\t\t\n\t\t\t\t\n\t\t\t<\/div>\n\t\t\t\n\t\t<\/div>\n\t\t\t\t\t\t<\/div>\n\t\t\t\t<\/div>\n\t\t\t\t<\/div>\n\t\t\t\t<\/div>\n\t\t\t\t<\/div>\n\t\t<div class=\"elementor-element elementor-element-eff5925 e-con-full e-flex elementor-invisible e-con e-child\" data-id=\"eff5925\" data-element_type=\"container\" data-settings=\"{&quot;animation&quot;:&quot;fadeInLeft&quot;}\">\n\t\t\t\t<div class=\"vamtam-has-theme-widget-styles elementor-element elementor-element-417993e elementor-button-align-stretch vamtam-has-underline-anim elementor-widget elementor-widget-form\" data-id=\"417993e\" data-element_type=\"widget\" data-settings=\"{&quot;step_next_label&quot;:&quot;Siguiente&quot;,&quot;step_previous_label&quot;:&quot;Anterior&quot;,&quot;step_type&quot;:&quot;text&quot;,&quot;button_width&quot;:&quot;100&quot;}\" data-widget_type=\"form.default\">\n\t\t\t\t<div class=\"elementor-widget-container\">\n\t\t\t\t\t\t\t<form class=\"elementor-form\" method=\"post\" name=\"New Form\" aria-label=\"New Form\">\n\t\t\t<input type=\"hidden\" name=\"post_id\" value=\"1807\"\/>\n\t\t\t<input type=\"hidden\" name=\"form_id\" value=\"417993e\"\/>\n\t\t\t<input type=\"hidden\" name=\"referer_title\" value=\"Nalipemi\" \/>\n\n\t\t\t\n\t\t\t<div class=\"elementor-form-fields-wrapper elementor-labels-above\">\n\t\t\t\t\t\t\t\t<div class=\"elementor-field-type-step elementor-field-group elementor-column elementor-field-group-field_4ee8b33 elementor-col-100\">\n\t\t\t\t\t\t\t<div class=\"e-field-step elementor-hidden\" data-label=\"1\/3\" data-previousButton=\"\" data-nextButton=\"\" data-iconUrl=\"\" data-iconLibrary=\"fas fa-star\" data-icon=\"\" ><\/div>\n\n\t\t\t\t\t\t<\/div>\n\t\t\t\t\t\t\t\t<div class=\"elementor-field-type-html elementor-field-group elementor-column elementor-field-group-field_abf14ba elementor-col-100\">\n\t\t\t\t\t<h3>Elija el tipo de proyecto<\/h3>\n\t\t\t\t<\/div>\n\t\t\t\t\t\t\t\t<div class=\"elementor-field-type-radio elementor-field-group elementor-column elementor-field-group-field_ad18491 elementor-col-100 elementor-field-required\">\n\t\t\t\t\t<div class=\"elementor-field-subgroup  elementor-subgroup-inline\"><span class=\"elementor-field-option\"><input type=\"radio\" value=\"Obra Nueva\" id=\"form-field-field_ad18491-0\" name=\"form_fields[field_ad18491]\" required=\"required\"> <label for=\"form-field-field_ad18491-0\">Obra Nueva<\/label><\/span><span class=\"elementor-field-option\"><input type=\"radio\" value=\"Renovaci\u00f3n\" id=\"form-field-field_ad18491-1\" name=\"form_fields[field_ad18491]\" required=\"required\"> <label for=\"form-field-field_ad18491-1\">Renovaci\u00f3n<\/label><\/span><span class=\"elementor-field-option\"><input type=\"radio\" value=\"Consulta general\" id=\"form-field-field_ad18491-2\" name=\"form_fields[field_ad18491]\" required=\"required\"> <label for=\"form-field-field_ad18491-2\">Consulta general<\/label><\/span><\/div>\t\t\t\t<\/div>\n\t\t\t\t\t\t\t\t<div class=\"elementor-field-type-step elementor-field-group elementor-column elementor-field-group-field_2d9ae64 elementor-col-100\">\n\t\t\t\t\t\t\t<div class=\"e-field-step elementor-hidden\" data-label=\"2\/3\" data-previousButton=\"\" data-nextButton=\"\" data-iconUrl=\"\" data-iconLibrary=\"fas fa-star\" data-icon=\"\" ><\/div>\n\n\t\t\t\t\t\t<\/div>\n\t\t\t\t\t\t\t\t<div class=\"elementor-field-type-html elementor-field-group elementor-column elementor-field-group-field_292af73 elementor-col-100\">\n\t\t\t\t\t<h3 style=\"margin-bottom: 0px;\">Describa el proyecto<\/h3>\t\t\t\t<\/div>\n\t\t\t\t\t\t\t\t<div class=\"elementor-field-type-textarea elementor-field-group elementor-column elementor-field-group-field_0c208c4 elementor-col-100 elementor-field-required\">\n\t\t\t\t\t<textarea class=\"elementor-field-textual elementor-field  elementor-size-sm\" name=\"form_fields[field_0c208c4]\" id=\"form-field-field_0c208c4\" rows=\"3\" required=\"required\"><\/textarea>\t\t\t\t<\/div>\n\t\t\t\t\t\t\t\t<div class=\"elementor-field-type-step elementor-field-group elementor-column elementor-field-group-field_4ac16cb elementor-col-100\">\n\t\t\t\t\t\t\t<div class=\"e-field-step elementor-hidden\" data-label=\"3\/3\" data-previousButton=\"\" data-nextButton=\"\" data-iconUrl=\"\" data-iconLibrary=\"fas fa-star\" data-icon=\"\" ><\/div>\n\n\t\t\t\t\t\t<\/div>\n\t\t\t\t\t\t\t\t<div class=\"elementor-field-type-html elementor-field-group elementor-column elementor-field-group-field_0f90b2d elementor-col-100\">\n\t\t\t\t\t\t\t\t\t<\/div>\n\t\t\t\t\t\t\t\t<div class=\"elementor-field-type-text elementor-field-group elementor-column elementor-field-group-field_c9638cc elementor-col-50 elementor-field-required\">\n\t\t\t\t\t\t\t\t\t\t\t\t<label for=\"form-field-field_c9638cc\" class=\"elementor-field-label\">\n\t\t\t\t\t\t\t\tNombre\t\t\t\t\t\t\t<\/label>\n\t\t\t\t\t\t\t\t\t\t\t\t\t\t<input size=\"1\" type=\"text\" name=\"form_fields[field_c9638cc]\" id=\"form-field-field_c9638cc\" class=\"elementor-field elementor-size-sm  elementor-field-textual\" placeholder=\"Escriba su Nombre\" required=\"required\">\n\t\t\t\t\t\t\t\t\t\t\t<\/div>\n\t\t\t\t\t\t\t\t<div class=\"elementor-field-type-text elementor-field-group elementor-column elementor-field-group-field_f89ab7f elementor-col-50 elementor-field-required\">\n\t\t\t\t\t\t\t\t\t\t\t\t<label for=\"form-field-field_f89ab7f\" class=\"elementor-field-label\">\n\t\t\t\t\t\t\t\tApellido(s)\t\t\t\t\t\t\t<\/label>\n\t\t\t\t\t\t\t\t\t\t\t\t\t\t<input size=\"1\" type=\"text\" name=\"form_fields[field_f89ab7f]\" id=\"form-field-field_f89ab7f\" class=\"elementor-field elementor-size-sm  elementor-field-textual\" placeholder=\"Escriba su(s) Apellido(s)\" required=\"required\">\n\t\t\t\t\t\t\t\t\t\t\t<\/div>\n\t\t\t\t\t\t\t\t<div class=\"elementor-field-type-tel elementor-field-group elementor-column elementor-field-group-field_cc050ff elementor-col-50 elementor-field-required\">\n\t\t\t\t\t\t\t\t\t\t\t\t<label for=\"form-field-field_cc050ff\" class=\"elementor-field-label\">\n\t\t\t\t\t\t\t\tN\u00famero de Tel\u00e9fono\t\t\t\t\t\t\t<\/label>\n\t\t\t\t\t\t\t\t<input size=\"1\" type=\"tel\" name=\"form_fields[field_cc050ff]\" id=\"form-field-field_cc050ff\" class=\"elementor-field elementor-size-sm  elementor-field-textual\" placeholder=\"Escriba su N\u00famero de Tel\u00e9fono\" required=\"required\" pattern=\"[0-9()#&amp;+*-=.]+\" title=\"Seuls les caract\u00e8res de num\u00e9ros de t\u00e9l\u00e9phone (#, -, *, etc.) sont accept\u00e9s.\">\n\n\t\t\t\t\t\t<\/div>\n\t\t\t\t\t\t\t\t<div class=\"elementor-field-type-email elementor-field-group elementor-column elementor-field-group-field_e32927a elementor-col-50 elementor-field-required\">\n\t\t\t\t\t\t\t\t\t\t\t\t<label for=\"form-field-field_e32927a\" class=\"elementor-field-label\">\n\t\t\t\t\t\t\t\tDirecci\u00f3n de Email\t\t\t\t\t\t\t<\/label>\n\t\t\t\t\t\t\t\t\t\t\t\t\t\t<input size=\"1\" type=\"email\" name=\"form_fields[field_e32927a]\" id=\"form-field-field_e32927a\" class=\"elementor-field elementor-size-sm  elementor-field-textual\" placeholder=\"Escriba su Direcci\u00f3n de Email\" required=\"required\">\n\t\t\t\t\t\t\t\t\t\t\t<\/div>\n\t\t\t\t\t\t\t\t<div class=\"elementor-field-type-acceptance elementor-field-group elementor-column elementor-field-group-field_8c6ce88 elementor-col-100 elementor-field-required\">\n\t\t\t\t\t\t\t<div class=\"elementor-field-subgroup\">\n\t\t\t<span class=\"elementor-field-option\">\n\t\t\t\t<input type=\"checkbox\" name=\"form_fields[field_8c6ce88]\" id=\"form-field-field_8c6ce88\" class=\"elementor-field elementor-size-sm  elementor-acceptance-field\" required=\"required\">\n\t\t\t\t<label for=\"form-field-field_8c6ce88\">Quiero suscribirme a la newsletter<\/label>\t\t\t<\/span>\n\t\t<\/div>\n\t\t\t\t\t\t<\/div>\n\t\t\t\t\t\t\t\t<div class=\"elementor-field-type-html elementor-field-group elementor-column elementor-field-group-field_b1aa27e elementor-col-100\">\n\t\t\t\t\tAl hacer clic en enviar acepta nuestras pol\u00edticas de privacidad \t\t\t\t<\/div>\n\t\t\t\t\t\t\t\t<div class=\"elementor-field-group elementor-column elementor-field-type-submit elementor-col-100 e-form__buttons\">\n\t\t\t\t\t<button class=\"elementor-button elementor-size-sm elementor-animation-grow\" type=\"submit\">\n\t\t\t\t\t\t<span class=\"elementor-button-content-wrapper\">\n\t\t\t\t\t\t\t\t\t\t\t\t\t\t\t\t\t\t\t\t\t\t<span class=\"elementor-button-text\">Enviar<\/span>\n\t\t\t\t\t\t\t\t\t\t\t\t\t<\/span>\n\t\t\t\t\t<\/button>\n\t\t\t\t<\/div>\n\t\t\t<\/div>\n\t\t<\/form>\n\t\t\t\t\t\t<\/div>\n\t\t\t\t<\/div>\n\t\t\t\t<\/div>\n\t\t\t\t\t<\/div>\n\t\t\t\t<\/div>\n\t\t<div class=\"elementor-element elementor-element-fe6abd3 e-flex e-con-boxed elementor-invisible e-con e-parent\" data-id=\"fe6abd3\" data-element_type=\"container\" data-settings=\"{&quot;animation&quot;:&quot;fadeInLeft&quot;}\">\n\t\t\t\t\t<div class=\"e-con-inner\">\n\t\t\t\t<div class=\"elementor-element elementor-element-3ab57bd elementor-widget elementor-widget-google_maps\" data-id=\"3ab57bd\" data-element_type=\"widget\" data-widget_type=\"google_maps.default\">\n\t\t\t\t<div class=\"elementor-widget-container\">\n\t\t\t\t\t\t\t<div class=\"elementor-custom-embed\">\n\t\t\t<iframe loading=\"lazy\"\n\t\t\t\t\tsrc=\"https:\/\/maps.google.com\/maps?q=nalipemi&#038;t=m&#038;z=13&#038;output=embed&#038;iwloc=near\"\n\t\t\t\t\ttitle=\"nalipemi\"\n\t\t\t\t\taria-label=\"nalipemi\"\n\t\t\t><\/iframe>\n\t\t<\/div>\n\t\t\t\t\t\t<\/div>\n\t\t\t\t<\/div>\n\t\t\t\t\t<\/div>\n\t\t\t\t<\/div>\n\t\t\t\t<\/div>\n\t\t","protected":false},"excerpt":{"rendered":"<p>Contact Pr\u00eat \u00e0 d\u00e9marrer votre projet ? +34 951 17 79 09 info@nalipemi.com Du lundi au vendredi : 09:00-18:00 Blvd. Alfonso de Hohenlohe s\/n, Marbella Club Hotel, 29602, Marbella (M\u00e1laga)<\/p>","protected":false},"author":2,"featured_media":0,"parent":0,"menu_order":0,"comment_status":"closed","ping_status":"closed","template":"","meta":{"footnotes":""},"class_list":["post-1807","page","type-page","status-publish","hentry"],"yoast_head":"<!-- This site is optimized with the Yoast SEO Premium plugin v27.1 (Yoast SEO v27.1.1) - https:\/\/yoast.com\/product\/yoast-seo-premium-wordpress\/ -->\n<title>Contacto - Nalipemi<\/title>\n<meta name=\"robots\" content=\"index, follow, max-snippet:-1, max-image-preview:large, max-video-preview:-1\" \/>\n<link rel=\"canonical\" href=\"https:\/\/nalipemi.com\/fr\/contact\/\" \/>\n<meta property=\"og:locale\" content=\"fr_FR\" \/>\n<meta property=\"og:type\" content=\"article\" \/>\n<meta property=\"og:title\" content=\"Contacto\" \/>\n<meta property=\"og:description\" content=\"Contacto \u00bfListo para empezar su proyecto? +34 951 17 79 09 info@nalipemi.com Lunes a Viernes: 09:00-18:00 Blvd. Alfonso de Hohenlohe s\/n, Marbella Club Hotel, 29602, Marbella (M\u00e1laga)\" \/>\n<meta property=\"og:url\" content=\"https:\/\/nalipemi.com\/fr\/contact\/\" \/>\n<meta property=\"og:site_name\" content=\"Nalipemi\" \/>\n<meta property=\"article:modified_time\" content=\"2026-03-11T21:38:24+00:00\" \/>\n<meta property=\"og:image\" content=\"https:\/\/nalipemi.com\/wp-content\/uploads\/2022\/10\/lines-bg-shape-1.svg\" \/>\n<meta name=\"twitter:card\" content=\"summary_large_image\" \/>\n<meta name=\"twitter:label1\" content=\"Dur\u00e9e de lecture estim\u00e9e\" \/>\n\t<meta name=\"twitter:data1\" content=\"1 minute\" \/>\n<script type=\"application\/ld+json\" class=\"yoast-schema-graph\">{\"@context\":\"https:\/\/schema.org\",\"@graph\":[{\"@type\":\"WebPage\",\"@id\":\"https:\/\/nalipemi.com\/contacto\/\",\"url\":\"https:\/\/nalipemi.com\/contacto\/\",\"name\":\"Contacto - Nalipemi\",\"isPartOf\":{\"@id\":\"https:\/\/nalipemi.com\/#website\"},\"primaryImageOfPage\":{\"@id\":\"https:\/\/nalipemi.com\/contacto\/#primaryimage\"},\"image\":{\"@id\":\"https:\/\/nalipemi.com\/contacto\/#primaryimage\"},\"thumbnailUrl\":\"https:\/\/nalipemi.com\/wp-content\/uploads\/2022\/10\/lines-bg-shape-1.svg\",\"datePublished\":\"2022-09-26T10:26:20+00:00\",\"dateModified\":\"2026-03-11T21:38:24+00:00\",\"breadcrumb\":{\"@id\":\"https:\/\/nalipemi.com\/contacto\/#breadcrumb\"},\"inLanguage\":\"fr-FR\",\"potentialAction\":[{\"@type\":\"ReadAction\",\"target\":[\"https:\/\/nalipemi.com\/contacto\/\"]}]},{\"@type\":\"ImageObject\",\"inLanguage\":\"fr-FR\",\"@id\":\"https:\/\/nalipemi.com\/contacto\/#primaryimage\",\"url\":\"https:\/\/nalipemi.com\/wp-content\/uploads\/2022\/10\/lines-bg-shape-1.svg\",\"contentUrl\":\"https:\/\/nalipemi.com\/wp-content\/uploads\/2022\/10\/lines-bg-shape-1.svg\"},{\"@type\":\"BreadcrumbList\",\"@id\":\"https:\/\/nalipemi.com\/contacto\/#breadcrumb\",\"itemListElement\":[{\"@type\":\"ListItem\",\"position\":1,\"name\":\"Home\",\"item\":\"https:\/\/nalipemi.com\/\"},{\"@type\":\"ListItem\",\"position\":2,\"name\":\"Contacto\"}]},{\"@type\":\"WebSite\",\"@id\":\"https:\/\/nalipemi.com\/#website\",\"url\":\"https:\/\/nalipemi.com\/\",\"name\":\"Nalipemi\",\"description\":\"Empresa de Construcci\u00f3n y Reformas en Marbella\",\"publisher\":{\"@id\":\"https:\/\/nalipemi.com\/#organization\"},\"potentialAction\":[{\"@type\":\"SearchAction\",\"target\":{\"@type\":\"EntryPoint\",\"urlTemplate\":\"https:\/\/nalipemi.com\/?s={search_term_string}\"},\"query-input\":{\"@type\":\"PropertyValueSpecification\",\"valueRequired\":true,\"valueName\":\"search_term_string\"}}],\"inLanguage\":\"fr-FR\"},{\"@type\":\"Organization\",\"@id\":\"https:\/\/nalipemi.com\/#organization\",\"name\":\"Nalipemi | Empresa de Construcci\u00f3n y Reformas en Marbella\",\"alternateName\":\"Nalipemi\",\"url\":\"https:\/\/nalipemi.com\/\",\"logo\":{\"@type\":\"ImageObject\",\"inLanguage\":\"fr-FR\",\"@id\":\"https:\/\/nalipemi.com\/#\/schema\/logo\/image\/\",\"url\":\"https:\/\/nalipemi.com\/wp-content\/uploads\/2026\/02\/1-1.png\",\"contentUrl\":\"https:\/\/nalipemi.com\/wp-content\/uploads\/2026\/02\/1-1.png\",\"width\":1000,\"height\":1000,\"caption\":\"Nalipemi | Empresa de Construcci\u00f3n y Reformas en Marbella\"},\"image\":{\"@id\":\"https:\/\/nalipemi.com\/#\/schema\/logo\/image\/\"}}]}<\/script>\n<!-- \/ Yoast SEO Premium plugin. -->","yoast_head_json":{"title":"Contact - Nalipemi","robots":{"index":"index","follow":"follow","max-snippet":"max-snippet:-1","max-image-preview":"max-image-preview:large","max-video-preview":"max-video-preview:-1"},"canonical":"https:\/\/nalipemi.com\/fr\/contact\/","og_locale":"fr_FR","og_type":"article","og_title":"Contacto","og_description":"Contacto \u00bfListo para empezar su proyecto? +34 951 17 79 09 info@nalipemi.com Lunes a Viernes: 09:00-18:00 Blvd. Alfonso de Hohenlohe s\/n, Marbella Club Hotel, 29602, Marbella (M\u00e1laga)","og_url":"https:\/\/nalipemi.com\/fr\/contact\/","og_site_name":"Nalipemi","article_modified_time":"2026-03-11T21:38:24+00:00","og_image":[{"url":"https:\/\/nalipemi.com\/wp-content\/uploads\/2022\/10\/lines-bg-shape-1.svg","type":"","width":"","height":""}],"twitter_card":"summary_large_image","twitter_misc":{"Dur\u00e9e de lecture estim\u00e9e":"1 minute"},"schema":{"@context":"https:\/\/schema.org","@graph":[{"@type":"WebPage","@id":"https:\/\/nalipemi.com\/contacto\/","url":"https:\/\/nalipemi.com\/contacto\/","name":"Contact - Nalipemi","isPartOf":{"@id":"https:\/\/nalipemi.com\/#website"},"primaryImageOfPage":{"@id":"https:\/\/nalipemi.com\/contacto\/#primaryimage"},"image":{"@id":"https:\/\/nalipemi.com\/contacto\/#primaryimage"},"thumbnailUrl":"https:\/\/nalipemi.com\/wp-content\/uploads\/2022\/10\/lines-bg-shape-1.svg","datePublished":"2022-09-26T10:26:20+00:00","dateModified":"2026-03-11T21:38:24+00:00","breadcrumb":{"@id":"https:\/\/nalipemi.com\/contacto\/#breadcrumb"},"inLanguage":"fr-FR","potentialAction":[{"@type":"ReadAction","target":["https:\/\/nalipemi.com\/contacto\/"]}]},{"@type":"ImageObject","inLanguage":"fr-FR","@id":"https:\/\/nalipemi.com\/contacto\/#primaryimage","url":"https:\/\/nalipemi.com\/wp-content\/uploads\/2022\/10\/lines-bg-shape-1.svg","contentUrl":"https:\/\/nalipemi.com\/wp-content\/uploads\/2022\/10\/lines-bg-shape-1.svg"},{"@type":"BreadcrumbList","@id":"https:\/\/nalipemi.com\/contacto\/#breadcrumb","itemListElement":[{"@type":"ListItem","position":1,"name":"Home","item":"https:\/\/nalipemi.com\/"},{"@type":"ListItem","position":2,"name":"Contacto"}]},{"@type":"WebSite","@id":"https:\/\/nalipemi.com\/#website","url":"https:\/\/nalipemi.com\/","name":"Nalipemi","description":"Entreprise de construction et de r\u00e9novation \u00e0 Marbella","publisher":{"@id":"https:\/\/nalipemi.com\/#organization"},"potentialAction":[{"@type":"SearchAction","target":{"@type":"EntryPoint","urlTemplate":"https:\/\/nalipemi.com\/?s={search_term_string}"},"query-input":{"@type":"PropertyValueSpecification","valueRequired":true,"valueName":"search_term_string"}}],"inLanguage":"fr-FR"},{"@type":"Organization","@id":"https:\/\/nalipemi.com\/#organization","name":"Nalipemi | Entreprise de construction et de r\u00e9forme \u00e0 Marbella","alternateName":"Nalipemi","url":"https:\/\/nalipemi.com\/","logo":{"@type":"ImageObject","inLanguage":"fr-FR","@id":"https:\/\/nalipemi.com\/#\/schema\/logo\/image\/","url":"https:\/\/nalipemi.com\/wp-content\/uploads\/2026\/02\/1-1.png","contentUrl":"https:\/\/nalipemi.com\/wp-content\/uploads\/2026\/02\/1-1.png","width":1000,"height":1000,"caption":"Nalipemi | Empresa de Construcci\u00f3n y Reformas en Marbella"},"image":{"@id":"https:\/\/nalipemi.com\/#\/schema\/logo\/image\/"}}]}},"_links":{"self":[{"href":"https:\/\/nalipemi.com\/fr\/wp-json\/wp\/v2\/pages\/1807","targetHints":{"allow":["GET"]}}],"collection":[{"href":"https:\/\/nalipemi.com\/fr\/wp-json\/wp\/v2\/pages"}],"about":[{"href":"https:\/\/nalipemi.com\/fr\/wp-json\/wp\/v2\/types\/page"}],"author":[{"embeddable":true,"href":"https:\/\/nalipemi.com\/fr\/wp-json\/wp\/v2\/users\/2"}],"replies":[{"embeddable":true,"href":"https:\/\/nalipemi.com\/fr\/wp-json\/wp\/v2\/comments?post=1807"}],"version-history":[{"count":59,"href":"https:\/\/nalipemi.com\/fr\/wp-json\/wp\/v2\/pages\/1807\/revisions"}],"predecessor-version":[{"id":991377,"href":"https:\/\/nalipemi.com\/fr\/wp-json\/wp\/v2\/pages\/1807\/revisions\/991377"}],"wp:attachment":[{"href":"https:\/\/nalipemi.com\/fr\/wp-json\/wp\/v2\/media?parent=1807"}],"curies":[{"name":"wp","href":"https:\/\/api.w.org\/{rel}","templated":true}]}}